{"id":9970,"date":"2026-01-30T18:54:54","date_gmt":"2026-01-30T18:54:54","guid":{"rendered":"https:\/\/homespunceramic.com\/?post_type=product&#038;p=9970"},"modified":"2026-04-16T09:52:25","modified_gmt":"2026-04-16T09:52:25","slug":"creme-beige-midi-plate","status":"publish","type":"product","link":"https:\/\/homespunceramic.com\/tr\/urun\/creme-beige-midi-plate\/","title":{"rendered":"Creme Beige Midi Plate"},"content":{"rendered":"<p>This plate was shaped on the potter\u2019s wheel using high-quality black spotted stoneware clay. It\u2019s the perfect companion for breakfast, desert or cookies plate.<\/p>\n<p>Creating and mastering ceramic glazes takes a long time, sometimes even years. I make my own glazes so their colors can be unique and truly original.<\/p>\n<p>Each piece in my studio is crafted by hand with great care, celebrating the beauty of the handmade process. No two items are exactly alike\u2014subtle differences in form, color, and size make every piece truly one of a kind.<\/p>\n<p>Making ceramic takes weeks, throwing, drying, firing, glazing and glaze firing. This makes them \u201cunique\u201d and there may be slight differences between them.<\/p>\n<p>All products will be carefully packaged in my studio.<\/p>\n<p>Te\u015fekk\u00fcr ederiz.<\/p>","protected":false},"excerpt":{"rendered":"<p>\u00d6l\u00e7\u00fcler<br \/>\nDiameter : 16 cm<\/p>\n<p>Handmade Stoneware fired at 1240 \u00b0C<br \/>\nIndividual semi matte cremy glazed on beige stoneware clay with black spotted.<\/p>\n<p>G\u0131da ile temasa ve bula\u015f\u0131k makinesinde y\u0131kamaya uygundur.<\/p>","protected":false},"featured_media":9974,"comment_status":"open","ping_status":"closed","template":"","meta":[],"product_brand":[],"product_cat":[47,50],"product_tag":[],"class_list":{"0":"post-9970","1":"product","2":"type-product","3":"status-publish","4":"has-post-thumbnail","6":"product_cat-table-group","7":"product_cat-plates","9":"first","10":"outofstock","11":"shipping-taxable","12":"purchasable","13":"product-type-simple"},"yoast_head":"<!-- This site is optimized with the Yoast SEO plugin v27.1.1 - https:\/\/yoast.com\/product\/yoast-seo-wordpress\/ -->\n<title>Creme Beige Midi Plate - Home Spun Ceramic<\/title>\n<meta name=\"robots\" content=\"index, follow, max-snippet:-1, max-image-preview:large, max-video-preview:-1\" \/>\n<link rel=\"canonical\" href=\"https:\/\/homespunceramic.com\/tr\/urun\/creme-beige-midi-plate\/\" \/>\n<meta property=\"og:locale\" content=\"tr_TR\" \/>\n<meta property=\"og:type\" content=\"article\" \/>\n<meta property=\"og:title\" content=\"Creme Beige Midi Plate - Home Spun Ceramic\" \/>\n<meta property=\"og:description\" content=\"Dimensions : Diameter : 16 cm  Handmade Stoneware fired at 1240 \u00b0C Individual semi matte cremy glazed on beige stoneware clay with black spotted.  Food and Dishwasher SAFE.\" \/>\n<meta property=\"og:url\" content=\"https:\/\/homespunceramic.com\/tr\/urun\/creme-beige-midi-plate\/\" \/>\n<meta property=\"og:site_name\" content=\"Home Spun Ceramic\" \/>\n<meta property=\"article:modified_time\" content=\"2026-04-16T09:52:25+00:00\" \/>\n<meta property=\"og:image\" content=\"http:\/\/homespunceramic.com\/wp-content\/uploads\/2026\/01\/Bej-tabak.jpg\" \/>\n\t<meta property=\"og:image:width\" content=\"800\" \/>\n\t<meta property=\"og:image:height\" content=\"800\" \/>\n\t<meta property=\"og:image:type\" content=\"image\/jpeg\" \/>\n<meta name=\"twitter:card\" content=\"summary_large_image\" \/>\n<meta name=\"twitter:label1\" content=\"Tahmini okuma s\u00fcresi\" \/>\n\t<meta name=\"twitter:data1\" content=\"1 dakika\" \/>\n<script type=\"application\/ld+json\" class=\"yoast-schema-graph\">{\"@context\":\"https:\/\/schema.org\",\"@graph\":[{\"@type\":\"WebPage\",\"@id\":\"https:\/\/homespunceramic.com\/product\/creme-beige-midi-plate\/\",\"url\":\"https:\/\/homespunceramic.com\/product\/creme-beige-midi-plate\/\",\"name\":\"Creme Beige Midi Plate - Home Spun Ceramic\",\"isPartOf\":{\"@id\":\"https:\/\/homespunceramic.com\/#website\"},\"primaryImageOfPage\":{\"@id\":\"https:\/\/homespunceramic.com\/product\/creme-beige-midi-plate\/#primaryimage\"},\"image\":{\"@id\":\"https:\/\/homespunceramic.com\/product\/creme-beige-midi-plate\/#primaryimage\"},\"thumbnailUrl\":\"https:\/\/homespunceramic.com\/wp-content\/uploads\/2026\/01\/Bej-tabak.jpg\",\"datePublished\":\"2026-01-30T18:54:54+00:00\",\"dateModified\":\"2026-04-16T09:52:25+00:00\",\"breadcrumb\":{\"@id\":\"https:\/\/homespunceramic.com\/product\/creme-beige-midi-plate\/#breadcrumb\"},\"inLanguage\":\"tr\",\"potentialAction\":[{\"@type\":\"ReadAction\",\"target\":[\"https:\/\/homespunceramic.com\/product\/creme-beige-midi-plate\/\"]}]},{\"@type\":\"ImageObject\",\"inLanguage\":\"tr\",\"@id\":\"https:\/\/homespunceramic.com\/product\/creme-beige-midi-plate\/#primaryimage\",\"url\":\"https:\/\/homespunceramic.com\/wp-content\/uploads\/2026\/01\/Bej-tabak.jpg\",\"contentUrl\":\"https:\/\/homespunceramic.com\/wp-content\/uploads\/2026\/01\/Bej-tabak.jpg\",\"width\":800,\"height\":800},{\"@type\":\"BreadcrumbList\",\"@id\":\"https:\/\/homespunceramic.com\/product\/creme-beige-midi-plate\/#breadcrumb\",\"itemListElement\":[{\"@type\":\"ListItem\",\"position\":1,\"name\":\"Home\",\"item\":\"https:\/\/homespunceramic.com\/\"},{\"@type\":\"ListItem\",\"position\":2,\"name\":\"Shop\",\"item\":\"https:\/\/homespunceramic.com\/shop\/\"},{\"@type\":\"ListItem\",\"position\":3,\"name\":\"Creme Beige Midi Plate\"}]},{\"@type\":\"WebSite\",\"@id\":\"https:\/\/homespunceramic.com\/#website\",\"url\":\"https:\/\/homespunceramic.com\/\",\"name\":\"Home Spun Ceramic\",\"description\":\"Handmade Ceramics\",\"publisher\":{\"@id\":\"https:\/\/homespunceramic.com\/#\/schema\/person\/d7a43ba25ffe3a9c3f5ede478ecdd663\"},\"potentialAction\":[{\"@type\":\"SearchAction\",\"target\":{\"@type\":\"EntryPoint\",\"urlTemplate\":\"https:\/\/homespunceramic.com\/?s={search_term_string}\"},\"query-input\":{\"@type\":\"PropertyValueSpecification\",\"valueRequired\":true,\"valueName\":\"search_term_string\"}}],\"inLanguage\":\"tr\"},{\"@type\":[\"Person\",\"Organization\"],\"@id\":\"https:\/\/homespunceramic.com\/#\/schema\/person\/d7a43ba25ffe3a9c3f5ede478ecdd663\",\"name\":\"\u015eenay \u015eerifo\u011flu Aykanat\",\"image\":{\"@type\":\"ImageObject\",\"inLanguage\":\"tr\",\"@id\":\"https:\/\/homespunceramic.com\/#\/schema\/person\/image\/\",\"url\":\"http:\/\/homespunceramic.com\/wp-content\/uploads\/2021\/07\/senay.png\",\"contentUrl\":\"http:\/\/homespunceramic.com\/wp-content\/uploads\/2021\/07\/senay.png\",\"width\":160,\"height\":160,\"caption\":\"\u015eenay \u015eerifo\u011flu Aykanat\"},\"logo\":{\"@id\":\"https:\/\/homespunceramic.com\/#\/schema\/person\/image\/\"},\"sameAs\":[\"https:\/\/www.instagram.com\/homespunceramic\/\"]}]}<\/script>\n<!-- \/ Yoast SEO plugin. -->","yoast_head_json":{"title":"Creme Beige Midi Plate - Home Spun Ceramic","robots":{"index":"index","follow":"follow","max-snippet":"max-snippet:-1","max-image-preview":"max-image-preview:large","max-video-preview":"max-video-preview:-1"},"canonical":"https:\/\/homespunceramic.com\/tr\/urun\/creme-beige-midi-plate\/","og_locale":"tr_TR","og_type":"article","og_title":"Creme Beige Midi Plate - Home Spun Ceramic","og_description":"Dimensions : Diameter : 16 cm  Handmade Stoneware fired at 1240 \u00b0C Individual semi matte cremy glazed on beige stoneware clay with black spotted.  Food and Dishwasher SAFE.","og_url":"https:\/\/homespunceramic.com\/tr\/urun\/creme-beige-midi-plate\/","og_site_name":"Home Spun Ceramic","article_modified_time":"2026-04-16T09:52:25+00:00","og_image":[{"width":800,"height":800,"url":"http:\/\/homespunceramic.com\/wp-content\/uploads\/2026\/01\/Bej-tabak.jpg","type":"image\/jpeg"}],"twitter_card":"summary_large_image","twitter_misc":{"Tahmini okuma s\u00fcresi":"1 dakika"},"schema":{"@context":"https:\/\/schema.org","@graph":[{"@type":"WebPage","@id":"https:\/\/homespunceramic.com\/product\/creme-beige-midi-plate\/","url":"https:\/\/homespunceramic.com\/product\/creme-beige-midi-plate\/","name":"Creme Beige Midi Plate - Home Spun Ceramic","isPartOf":{"@id":"https:\/\/homespunceramic.com\/#website"},"primaryImageOfPage":{"@id":"https:\/\/homespunceramic.com\/product\/creme-beige-midi-plate\/#primaryimage"},"image":{"@id":"https:\/\/homespunceramic.com\/product\/creme-beige-midi-plate\/#primaryimage"},"thumbnailUrl":"https:\/\/homespunceramic.com\/wp-content\/uploads\/2026\/01\/Bej-tabak.jpg","datePublished":"2026-01-30T18:54:54+00:00","dateModified":"2026-04-16T09:52:25+00:00","breadcrumb":{"@id":"https:\/\/homespunceramic.com\/product\/creme-beige-midi-plate\/#breadcrumb"},"inLanguage":"tr","potentialAction":[{"@type":"ReadAction","target":["https:\/\/homespunceramic.com\/product\/creme-beige-midi-plate\/"]}]},{"@type":"ImageObject","inLanguage":"tr","@id":"https:\/\/homespunceramic.com\/product\/creme-beige-midi-plate\/#primaryimage","url":"https:\/\/homespunceramic.com\/wp-content\/uploads\/2026\/01\/Bej-tabak.jpg","contentUrl":"https:\/\/homespunceramic.com\/wp-content\/uploads\/2026\/01\/Bej-tabak.jpg","width":800,"height":800},{"@type":"BreadcrumbList","@id":"https:\/\/homespunceramic.com\/product\/creme-beige-midi-plate\/#breadcrumb","itemListElement":[{"@type":"ListItem","position":1,"name":"Home","item":"https:\/\/homespunceramic.com\/"},{"@type":"ListItem","position":2,"name":"Shop","item":"https:\/\/homespunceramic.com\/shop\/"},{"@type":"ListItem","position":3,"name":"Creme Beige Midi Plate"}]},{"@type":"WebSite","@id":"https:\/\/homespunceramic.com\/#website","url":"https:\/\/homespunceramic.com\/","name":"Home Spun Ceramic","description":"Handmade Ceramics","publisher":{"@id":"https:\/\/homespunceramic.com\/#\/schema\/person\/d7a43ba25ffe3a9c3f5ede478ecdd663"},"potentialAction":[{"@type":"SearchAction","target":{"@type":"EntryPoint","urlTemplate":"https:\/\/homespunceramic.com\/?s={search_term_string}"},"query-input":{"@type":"PropertyValueSpecification","valueRequired":true,"valueName":"search_term_string"}}],"inLanguage":"tr"},{"@type":["Person","Organization"],"@id":"https:\/\/homespunceramic.com\/#\/schema\/person\/d7a43ba25ffe3a9c3f5ede478ecdd663","name":"\u015eenay \u015eerifo\u011flu Aykanat","image":{"@type":"ImageObject","inLanguage":"tr","@id":"https:\/\/homespunceramic.com\/#\/schema\/person\/image\/","url":"http:\/\/homespunceramic.com\/wp-content\/uploads\/2021\/07\/senay.png","contentUrl":"http:\/\/homespunceramic.com\/wp-content\/uploads\/2021\/07\/senay.png","width":160,"height":160,"caption":"\u015eenay \u015eerifo\u011flu Aykanat"},"logo":{"@id":"https:\/\/homespunceramic.com\/#\/schema\/person\/image\/"},"sameAs":["https:\/\/www.instagram.com\/homespunceramic\/"]}]}},"jetpack_sharing_enabled":true,"_links":{"self":[{"href":"https:\/\/homespunceramic.com\/tr\/wp-json\/wp\/v2\/product\/9970","targetHints":{"allow":["GET"]}}],"collection":[{"href":"https:\/\/homespunceramic.com\/tr\/wp-json\/wp\/v2\/product"}],"about":[{"href":"https:\/\/homespunceramic.com\/tr\/wp-json\/wp\/v2\/types\/product"}],"replies":[{"embeddable":true,"href":"https:\/\/homespunceramic.com\/tr\/wp-json\/wp\/v2\/comments?post=9970"}],"wp:featuredmedia":[{"embeddable":true,"href":"https:\/\/homespunceramic.com\/tr\/wp-json\/wp\/v2\/media\/9974"}],"wp:attachment":[{"href":"https:\/\/homespunceramic.com\/tr\/wp-json\/wp\/v2\/media?parent=9970"}],"wp:term":[{"taxonomy":"product_brand","embeddable":true,"href":"https:\/\/homespunceramic.com\/tr\/wp-json\/wp\/v2\/product_brand?post=9970"},{"taxonomy":"product_cat","embeddable":true,"href":"https:\/\/homespunceramic.com\/tr\/wp-json\/wp\/v2\/product_cat?post=9970"},{"taxonomy":"product_tag","embeddable":true,"href":"https:\/\/homespunceramic.com\/tr\/wp-json\/wp\/v2\/product_tag?post=9970"}],"curies":[{"name":"wp","href":"https:\/\/api.w.org\/{rel}","templated":true}]}}