{"id":9937,"date":"2026-01-30T18:05:44","date_gmt":"2026-01-30T18:05:44","guid":{"rendered":"https:\/\/homespunceramic.com\/?post_type=product&#038;p=9937"},"modified":"2026-04-16T09:55:31","modified_gmt":"2026-04-16T09:55:31","slug":"chocolate-round-mug","status":"publish","type":"product","link":"https:\/\/homespunceramic.com\/tr\/urun\/chocolate-round-mug\/","title":{"rendered":"Chocolate Round Mug"},"content":{"rendered":"<p>This cup was shaped on the potter\u2019s wheel using high-quality speckled stoneware clay.<\/p>\n<p>Creating and mastering ceramic glazes takes a long time, sometimes even years. I make my own glazes so their colors can be unique and truly original. It\u2019s the perfect companion for tea, coffee, or any warm drink you love.<\/p>\n<p>Each piece in my studio is crafted by hand with great care, celebrating the beauty of the handmade process. No two items are exactly alike\u2014subtle differences in form, color, and size make every piece truly one of a kind.<\/p>\n<p>Making ceramic takes weeks, throwing, drying, firing, glazing and glaze firing. This makes them \u201cunique\u201d and there may be slight differences between them.<\/p>\n<p>All products will be carefully packaged in my studio. Shipping is available internationally.<\/p>\n<p>Te\u015fekk\u00fcr ederiz.<\/p>","protected":false},"excerpt":{"rendered":"<p>Handmade wheel-thrown Stoneware fired at 1240 \u00b0C<br \/>\nIndividual warm glaze on speckled creme beige clay<\/p>\n<p>\u00d6l\u00e7\u00fcler<\/p>\n<p style=\"margin: 0cm; margin-bottom: .0001pt;\">Diameter : 9 cm<\/p>\n<p style=\"margin: 0cm; margin-bottom: .0001pt;\">Height : 8,5 cm<\/p>\n<p style=\"margin: 0cm; margin-bottom: .0001pt;\">Hacim : 250 ml<\/p>\n<p>G\u0131da ile temasa ve bula\u015f\u0131k makinesinde y\u0131kamaya uygundur.<\/p>","protected":false},"featured_media":9940,"comment_status":"open","ping_status":"closed","template":"","meta":[],"product_brand":[],"product_cat":[47,35],"product_tag":[],"class_list":{"0":"post-9937","1":"product","2":"type-product","3":"status-publish","4":"has-post-thumbnail","6":"product_cat-table-group","7":"product_cat-cups","9":"first","10":"instock","11":"shipping-taxable","12":"purchasable","13":"product-type-simple"},"yoast_head":"<!-- This site is optimized with the Yoast SEO plugin v27.1.1 - https:\/\/yoast.com\/product\/yoast-seo-wordpress\/ -->\n<title>Chocolate Round Mug - Home Spun Ceramic<\/title>\n<meta name=\"robots\" content=\"index, follow, max-snippet:-1, max-image-preview:large, max-video-preview:-1\" \/>\n<link rel=\"canonical\" href=\"https:\/\/homespunceramic.com\/tr\/urun\/chocolate-round-mug\/\" \/>\n<meta property=\"og:locale\" content=\"tr_TR\" \/>\n<meta property=\"og:type\" content=\"article\" \/>\n<meta property=\"og:title\" content=\"Chocolate Round Mug - Home Spun Ceramic\" \/>\n<meta property=\"og:description\" content=\"Handmade wheel-thrown Stoneware fired at 1240 \u00b0C Individual warm glaze on speckled creme beige clay  Dimensions : Diameter : 9 cm Height : 8,5 cm Volume : 250 ml Food and Dishwasher SAFE.\" \/>\n<meta property=\"og:url\" content=\"https:\/\/homespunceramic.com\/tr\/urun\/chocolate-round-mug\/\" \/>\n<meta property=\"og:site_name\" content=\"Home Spun Ceramic\" \/>\n<meta property=\"article:modified_time\" content=\"2026-04-16T09:55:31+00:00\" \/>\n<meta property=\"og:image\" content=\"http:\/\/homespunceramic.com\/wp-content\/uploads\/2026\/01\/Chocolate-2.jpg\" \/>\n\t<meta property=\"og:image:width\" content=\"800\" \/>\n\t<meta property=\"og:image:height\" content=\"800\" \/>\n\t<meta property=\"og:image:type\" content=\"image\/jpeg\" \/>\n<meta name=\"twitter:card\" content=\"summary_large_image\" \/>\n<meta name=\"twitter:label1\" content=\"Tahmini okuma s\u00fcresi\" \/>\n\t<meta name=\"twitter:data1\" content=\"1 dakika\" \/>\n<script type=\"application\/ld+json\" class=\"yoast-schema-graph\">{\"@context\":\"https:\/\/schema.org\",\"@graph\":[{\"@type\":\"WebPage\",\"@id\":\"https:\/\/homespunceramic.com\/product\/chocolate-round-mug\/\",\"url\":\"https:\/\/homespunceramic.com\/product\/chocolate-round-mug\/\",\"name\":\"Chocolate Round Mug - Home Spun Ceramic\",\"isPartOf\":{\"@id\":\"https:\/\/homespunceramic.com\/#website\"},\"primaryImageOfPage\":{\"@id\":\"https:\/\/homespunceramic.com\/product\/chocolate-round-mug\/#primaryimage\"},\"image\":{\"@id\":\"https:\/\/homespunceramic.com\/product\/chocolate-round-mug\/#primaryimage\"},\"thumbnailUrl\":\"https:\/\/homespunceramic.com\/wp-content\/uploads\/2026\/01\/Chocolate-2.jpg\",\"datePublished\":\"2026-01-30T18:05:44+00:00\",\"dateModified\":\"2026-04-16T09:55:31+00:00\",\"breadcrumb\":{\"@id\":\"https:\/\/homespunceramic.com\/product\/chocolate-round-mug\/#breadcrumb\"},\"inLanguage\":\"tr\",\"potentialAction\":[{\"@type\":\"ReadAction\",\"target\":[\"https:\/\/homespunceramic.com\/product\/chocolate-round-mug\/\"]}]},{\"@type\":\"ImageObject\",\"inLanguage\":\"tr\",\"@id\":\"https:\/\/homespunceramic.com\/product\/chocolate-round-mug\/#primaryimage\",\"url\":\"https:\/\/homespunceramic.com\/wp-content\/uploads\/2026\/01\/Chocolate-2.jpg\",\"contentUrl\":\"https:\/\/homespunceramic.com\/wp-content\/uploads\/2026\/01\/Chocolate-2.jpg\",\"width\":800,\"height\":800},{\"@type\":\"BreadcrumbList\",\"@id\":\"https:\/\/homespunceramic.com\/product\/chocolate-round-mug\/#breadcrumb\",\"itemListElement\":[{\"@type\":\"ListItem\",\"position\":1,\"name\":\"Home\",\"item\":\"https:\/\/homespunceramic.com\/\"},{\"@type\":\"ListItem\",\"position\":2,\"name\":\"Shop\",\"item\":\"https:\/\/homespunceramic.com\/shop\/\"},{\"@type\":\"ListItem\",\"position\":3,\"name\":\"Chocolate Round Mug\"}]},{\"@type\":\"WebSite\",\"@id\":\"https:\/\/homespunceramic.com\/#website\",\"url\":\"https:\/\/homespunceramic.com\/\",\"name\":\"Home Spun Ceramic\",\"description\":\"Handmade Ceramics\",\"publisher\":{\"@id\":\"https:\/\/homespunceramic.com\/#\/schema\/person\/d7a43ba25ffe3a9c3f5ede478ecdd663\"},\"potentialAction\":[{\"@type\":\"SearchAction\",\"target\":{\"@type\":\"EntryPoint\",\"urlTemplate\":\"https:\/\/homespunceramic.com\/?s={search_term_string}\"},\"query-input\":{\"@type\":\"PropertyValueSpecification\",\"valueRequired\":true,\"valueName\":\"search_term_string\"}}],\"inLanguage\":\"tr\"},{\"@type\":[\"Person\",\"Organization\"],\"@id\":\"https:\/\/homespunceramic.com\/#\/schema\/person\/d7a43ba25ffe3a9c3f5ede478ecdd663\",\"name\":\"\u015eenay \u015eerifo\u011flu Aykanat\",\"image\":{\"@type\":\"ImageObject\",\"inLanguage\":\"tr\",\"@id\":\"https:\/\/homespunceramic.com\/#\/schema\/person\/image\/\",\"url\":\"http:\/\/homespunceramic.com\/wp-content\/uploads\/2021\/07\/senay.png\",\"contentUrl\":\"http:\/\/homespunceramic.com\/wp-content\/uploads\/2021\/07\/senay.png\",\"width\":160,\"height\":160,\"caption\":\"\u015eenay \u015eerifo\u011flu Aykanat\"},\"logo\":{\"@id\":\"https:\/\/homespunceramic.com\/#\/schema\/person\/image\/\"},\"sameAs\":[\"https:\/\/www.instagram.com\/homespunceramic\/\"]}]}<\/script>\n<!-- \/ Yoast SEO plugin. -->","yoast_head_json":{"title":"Chocolate Round Mug - Home Spun Ceramic","robots":{"index":"index","follow":"follow","max-snippet":"max-snippet:-1","max-image-preview":"max-image-preview:large","max-video-preview":"max-video-preview:-1"},"canonical":"https:\/\/homespunceramic.com\/tr\/urun\/chocolate-round-mug\/","og_locale":"tr_TR","og_type":"article","og_title":"Chocolate Round Mug - Home Spun Ceramic","og_description":"Handmade wheel-thrown Stoneware fired at 1240 \u00b0C Individual warm glaze on speckled creme beige clay  Dimensions : Diameter : 9 cm Height : 8,5 cm Volume : 250 ml Food and Dishwasher SAFE.","og_url":"https:\/\/homespunceramic.com\/tr\/urun\/chocolate-round-mug\/","og_site_name":"Home Spun Ceramic","article_modified_time":"2026-04-16T09:55:31+00:00","og_image":[{"width":800,"height":800,"url":"http:\/\/homespunceramic.com\/wp-content\/uploads\/2026\/01\/Chocolate-2.jpg","type":"image\/jpeg"}],"twitter_card":"summary_large_image","twitter_misc":{"Tahmini okuma s\u00fcresi":"1 dakika"},"schema":{"@context":"https:\/\/schema.org","@graph":[{"@type":"WebPage","@id":"https:\/\/homespunceramic.com\/product\/chocolate-round-mug\/","url":"https:\/\/homespunceramic.com\/product\/chocolate-round-mug\/","name":"Chocolate Round Mug - Home Spun Ceramic","isPartOf":{"@id":"https:\/\/homespunceramic.com\/#website"},"primaryImageOfPage":{"@id":"https:\/\/homespunceramic.com\/product\/chocolate-round-mug\/#primaryimage"},"image":{"@id":"https:\/\/homespunceramic.com\/product\/chocolate-round-mug\/#primaryimage"},"thumbnailUrl":"https:\/\/homespunceramic.com\/wp-content\/uploads\/2026\/01\/Chocolate-2.jpg","datePublished":"2026-01-30T18:05:44+00:00","dateModified":"2026-04-16T09:55:31+00:00","breadcrumb":{"@id":"https:\/\/homespunceramic.com\/product\/chocolate-round-mug\/#breadcrumb"},"inLanguage":"tr","potentialAction":[{"@type":"ReadAction","target":["https:\/\/homespunceramic.com\/product\/chocolate-round-mug\/"]}]},{"@type":"ImageObject","inLanguage":"tr","@id":"https:\/\/homespunceramic.com\/product\/chocolate-round-mug\/#primaryimage","url":"https:\/\/homespunceramic.com\/wp-content\/uploads\/2026\/01\/Chocolate-2.jpg","contentUrl":"https:\/\/homespunceramic.com\/wp-content\/uploads\/2026\/01\/Chocolate-2.jpg","width":800,"height":800},{"@type":"BreadcrumbList","@id":"https:\/\/homespunceramic.com\/product\/chocolate-round-mug\/#breadcrumb","itemListElement":[{"@type":"ListItem","position":1,"name":"Home","item":"https:\/\/homespunceramic.com\/"},{"@type":"ListItem","position":2,"name":"Shop","item":"https:\/\/homespunceramic.com\/shop\/"},{"@type":"ListItem","position":3,"name":"Chocolate Round Mug"}]},{"@type":"WebSite","@id":"https:\/\/homespunceramic.com\/#website","url":"https:\/\/homespunceramic.com\/","name":"Home Spun Ceramic","description":"Handmade Ceramics","publisher":{"@id":"https:\/\/homespunceramic.com\/#\/schema\/person\/d7a43ba25ffe3a9c3f5ede478ecdd663"},"potentialAction":[{"@type":"SearchAction","target":{"@type":"EntryPoint","urlTemplate":"https:\/\/homespunceramic.com\/?s={search_term_string}"},"query-input":{"@type":"PropertyValueSpecification","valueRequired":true,"valueName":"search_term_string"}}],"inLanguage":"tr"},{"@type":["Person","Organization"],"@id":"https:\/\/homespunceramic.com\/#\/schema\/person\/d7a43ba25ffe3a9c3f5ede478ecdd663","name":"\u015eenay \u015eerifo\u011flu Aykanat","image":{"@type":"ImageObject","inLanguage":"tr","@id":"https:\/\/homespunceramic.com\/#\/schema\/person\/image\/","url":"http:\/\/homespunceramic.com\/wp-content\/uploads\/2021\/07\/senay.png","contentUrl":"http:\/\/homespunceramic.com\/wp-content\/uploads\/2021\/07\/senay.png","width":160,"height":160,"caption":"\u015eenay \u015eerifo\u011flu Aykanat"},"logo":{"@id":"https:\/\/homespunceramic.com\/#\/schema\/person\/image\/"},"sameAs":["https:\/\/www.instagram.com\/homespunceramic\/"]}]}},"jetpack_sharing_enabled":true,"_links":{"self":[{"href":"https:\/\/homespunceramic.com\/tr\/wp-json\/wp\/v2\/product\/9937","targetHints":{"allow":["GET"]}}],"collection":[{"href":"https:\/\/homespunceramic.com\/tr\/wp-json\/wp\/v2\/product"}],"about":[{"href":"https:\/\/homespunceramic.com\/tr\/wp-json\/wp\/v2\/types\/product"}],"replies":[{"embeddable":true,"href":"https:\/\/homespunceramic.com\/tr\/wp-json\/wp\/v2\/comments?post=9937"}],"wp:featuredmedia":[{"embeddable":true,"href":"https:\/\/homespunceramic.com\/tr\/wp-json\/wp\/v2\/media\/9940"}],"wp:attachment":[{"href":"https:\/\/homespunceramic.com\/tr\/wp-json\/wp\/v2\/media?parent=9937"}],"wp:term":[{"taxonomy":"product_brand","embeddable":true,"href":"https:\/\/homespunceramic.com\/tr\/wp-json\/wp\/v2\/product_brand?post=9937"},{"taxonomy":"product_cat","embeddable":true,"href":"https:\/\/homespunceramic.com\/tr\/wp-json\/wp\/v2\/product_cat?post=9937"},{"taxonomy":"product_tag","embeddable":true,"href":"https:\/\/homespunceramic.com\/tr\/wp-json\/wp\/v2\/product_tag?post=9937"}],"curies":[{"name":"wp","href":"https:\/\/api.w.org\/{rel}","templated":true}]}}