{"id":9735,"date":"2025-09-24T09:12:14","date_gmt":"2025-09-24T09:12:14","guid":{"rendered":"https:\/\/homespunceramic.com\/?post_type=product&#038;p=9735"},"modified":"2025-10-10T16:51:03","modified_gmt":"2025-10-10T16:51:03","slug":"white-ion-cups-without-handle","status":"publish","type":"product","link":"https:\/\/homespunceramic.com\/tr\/urun\/white-ion-cups-without-handle\/","title":{"rendered":"White Ion cups without handle"},"content":{"rendered":"<p>\u00d6l\u00e7\u00fcler<\/p>\n<p>\u00c7ap : 7 cm<\/p>\n<p>Y\u00fckseklik : 8 cm<\/p>\n<p>Hacim : 250 ml<\/p>\n<p>Stoneware \u00e7amuru ile \u00e7\u00f6mlek\u00e7i \u00e7ark\u0131nda elle \u015fekillendirilip 1200 \u00b0C'de pi\u015firilmi\u015ftir<br \/>\nIndividual glossy white glaze on white black spotted clay<\/p>\n<p>G\u0131da ile temasa ve bula\u015f\u0131k makinesinde y\u0131kamaya uygundur.<\/p>\n<p>Seramik yapma s\u00fcreci; \u015fekillendirme, kurutma, pi\u015firme, s\u0131rlama ve s\u0131r pi\u015firimi olarak haftalar alan bir s\u00fcre\u00e7ten olu\u015fur. Tamamen el yap\u0131m\u0131 oldu\u011fu i\u00e7in her par\u00e7a ufak farkl\u0131l\u0131k g\u00f6sterebilir.<\/p>\n<p>T\u00fcm \u00fcr\u00fcnler \u00f6zenle paketlenecektir.<\/p>\n<p>Te\u015fekk\u00fcr ederiz.<\/p>","protected":false},"excerpt":{"rendered":"<p>Dimensions : Diameter : 7 cm Height : 8 cm Volume : 250 ml Handmade wheelthrowned and lines by hand carved stoneware clay fired at 1200 \u00b0C Individual glossy white glaze on white black spotted clay Food and Dishwasher SAFE. Making ceramic takes weeks, throwing, drying, firing, glazing and glaze firing. All this process is [&hellip;]<\/p>\n","protected":false},"featured_media":9736,"comment_status":"open","ping_status":"closed","template":"","meta":[],"product_brand":[],"product_cat":[47,35],"product_tag":[],"class_list":{"0":"post-9735","1":"product","2":"type-product","3":"status-publish","4":"has-post-thumbnail","6":"product_cat-table-group","7":"product_cat-cups","9":"first","10":"outofstock","11":"sale","12":"shipping-taxable","13":"purchasable","14":"product-type-simple"},"yoast_head":"<!-- This site is optimized with the Yoast SEO plugin v27.1.1 - https:\/\/yoast.com\/product\/yoast-seo-wordpress\/ -->\n<title>White Ion cups without handle - Home Spun Ceramic<\/title>\n<meta name=\"robots\" content=\"index, follow, max-snippet:-1, max-image-preview:large, max-video-preview:-1\" \/>\n<link rel=\"canonical\" href=\"https:\/\/homespunceramic.com\/tr\/urun\/white-ion-cups-without-handle\/\" \/>\n<meta property=\"og:locale\" content=\"tr_TR\" \/>\n<meta property=\"og:type\" content=\"article\" \/>\n<meta property=\"og:title\" content=\"White Ion cups without handle - Home Spun Ceramic\" \/>\n<meta property=\"og:description\" content=\"Dimensions : Diameter : 7 cm Height : 8 cm Volume : 250 ml Handmade wheelthrowned and lines by hand carved stoneware clay fired at 1200 \u00b0C Individual glossy white glaze on white black spotted clay Food and Dishwasher SAFE. Making ceramic takes weeks, throwing, drying, firing, glazing and glaze firing. All this process is [&hellip;]\" \/>\n<meta property=\"og:url\" content=\"https:\/\/homespunceramic.com\/tr\/urun\/white-ion-cups-without-handle\/\" \/>\n<meta property=\"og:site_name\" content=\"Home Spun Ceramic\" \/>\n<meta property=\"article:modified_time\" content=\"2025-10-10T16:51:03+00:00\" \/>\n<meta property=\"og:image\" content=\"http:\/\/homespunceramic.com\/wp-content\/uploads\/2025\/09\/IMG_8630.jpeg\" \/>\n\t<meta property=\"og:image:width\" content=\"800\" \/>\n\t<meta property=\"og:image:height\" content=\"800\" \/>\n\t<meta property=\"og:image:type\" content=\"image\/jpeg\" \/>\n<meta name=\"twitter:card\" content=\"summary_large_image\" \/>\n<meta name=\"twitter:label1\" content=\"Tahmini okuma s\u00fcresi\" \/>\n\t<meta name=\"twitter:data1\" content=\"1 dakika\" \/>\n<script type=\"application\/ld+json\" class=\"yoast-schema-graph\">{\"@context\":\"https:\/\/schema.org\",\"@graph\":[{\"@type\":\"WebPage\",\"@id\":\"https:\/\/homespunceramic.com\/product\/white-ion-cups-without-handle\/\",\"url\":\"https:\/\/homespunceramic.com\/product\/white-ion-cups-without-handle\/\",\"name\":\"White Ion cups without handle - Home Spun Ceramic\",\"isPartOf\":{\"@id\":\"https:\/\/homespunceramic.com\/#website\"},\"primaryImageOfPage\":{\"@id\":\"https:\/\/homespunceramic.com\/product\/white-ion-cups-without-handle\/#primaryimage\"},\"image\":{\"@id\":\"https:\/\/homespunceramic.com\/product\/white-ion-cups-without-handle\/#primaryimage\"},\"thumbnailUrl\":\"https:\/\/homespunceramic.com\/wp-content\/uploads\/2025\/09\/IMG_8630.jpeg\",\"datePublished\":\"2025-09-24T09:12:14+00:00\",\"dateModified\":\"2025-10-10T16:51:03+00:00\",\"breadcrumb\":{\"@id\":\"https:\/\/homespunceramic.com\/product\/white-ion-cups-without-handle\/#breadcrumb\"},\"inLanguage\":\"tr\",\"potentialAction\":[{\"@type\":\"ReadAction\",\"target\":[\"https:\/\/homespunceramic.com\/product\/white-ion-cups-without-handle\/\"]}]},{\"@type\":\"ImageObject\",\"inLanguage\":\"tr\",\"@id\":\"https:\/\/homespunceramic.com\/product\/white-ion-cups-without-handle\/#primaryimage\",\"url\":\"https:\/\/homespunceramic.com\/wp-content\/uploads\/2025\/09\/IMG_8630.jpeg\",\"contentUrl\":\"https:\/\/homespunceramic.com\/wp-content\/uploads\/2025\/09\/IMG_8630.jpeg\",\"width\":800,\"height\":800},{\"@type\":\"BreadcrumbList\",\"@id\":\"https:\/\/homespunceramic.com\/product\/white-ion-cups-without-handle\/#breadcrumb\",\"itemListElement\":[{\"@type\":\"ListItem\",\"position\":1,\"name\":\"Home\",\"item\":\"https:\/\/homespunceramic.com\/\"},{\"@type\":\"ListItem\",\"position\":2,\"name\":\"Shop\",\"item\":\"https:\/\/homespunceramic.com\/shop\/\"},{\"@type\":\"ListItem\",\"position\":3,\"name\":\"White Ion cups without handle\"}]},{\"@type\":\"WebSite\",\"@id\":\"https:\/\/homespunceramic.com\/#website\",\"url\":\"https:\/\/homespunceramic.com\/\",\"name\":\"Home Spun Ceramic\",\"description\":\"Handmade Ceramics\",\"publisher\":{\"@id\":\"https:\/\/homespunceramic.com\/#\/schema\/person\/d7a43ba25ffe3a9c3f5ede478ecdd663\"},\"potentialAction\":[{\"@type\":\"SearchAction\",\"target\":{\"@type\":\"EntryPoint\",\"urlTemplate\":\"https:\/\/homespunceramic.com\/?s={search_term_string}\"},\"query-input\":{\"@type\":\"PropertyValueSpecification\",\"valueRequired\":true,\"valueName\":\"search_term_string\"}}],\"inLanguage\":\"tr\"},{\"@type\":[\"Person\",\"Organization\"],\"@id\":\"https:\/\/homespunceramic.com\/#\/schema\/person\/d7a43ba25ffe3a9c3f5ede478ecdd663\",\"name\":\"\u015eenay \u015eerifo\u011flu Aykanat\",\"image\":{\"@type\":\"ImageObject\",\"inLanguage\":\"tr\",\"@id\":\"https:\/\/homespunceramic.com\/#\/schema\/person\/image\/\",\"url\":\"http:\/\/homespunceramic.com\/wp-content\/uploads\/2021\/07\/senay.png\",\"contentUrl\":\"http:\/\/homespunceramic.com\/wp-content\/uploads\/2021\/07\/senay.png\",\"width\":160,\"height\":160,\"caption\":\"\u015eenay \u015eerifo\u011flu Aykanat\"},\"logo\":{\"@id\":\"https:\/\/homespunceramic.com\/#\/schema\/person\/image\/\"},\"sameAs\":[\"https:\/\/www.instagram.com\/homespunceramic\/\"]}]}<\/script>\n<!-- \/ Yoast SEO plugin. -->","yoast_head_json":{"title":"White Ion cups without handle - Home Spun Ceramic","robots":{"index":"index","follow":"follow","max-snippet":"max-snippet:-1","max-image-preview":"max-image-preview:large","max-video-preview":"max-video-preview:-1"},"canonical":"https:\/\/homespunceramic.com\/tr\/urun\/white-ion-cups-without-handle\/","og_locale":"tr_TR","og_type":"article","og_title":"White Ion cups without handle - Home Spun Ceramic","og_description":"Dimensions : Diameter : 7 cm Height : 8 cm Volume : 250 ml Handmade wheelthrowned and lines by hand carved stoneware clay fired at 1200 \u00b0C Individual glossy white glaze on white black spotted clay Food and Dishwasher SAFE. Making ceramic takes weeks, throwing, drying, firing, glazing and glaze firing. All this process is [&hellip;]","og_url":"https:\/\/homespunceramic.com\/tr\/urun\/white-ion-cups-without-handle\/","og_site_name":"Home Spun Ceramic","article_modified_time":"2025-10-10T16:51:03+00:00","og_image":[{"width":800,"height":800,"url":"http:\/\/homespunceramic.com\/wp-content\/uploads\/2025\/09\/IMG_8630.jpeg","type":"image\/jpeg"}],"twitter_card":"summary_large_image","twitter_misc":{"Tahmini okuma s\u00fcresi":"1 dakika"},"schema":{"@context":"https:\/\/schema.org","@graph":[{"@type":"WebPage","@id":"https:\/\/homespunceramic.com\/product\/white-ion-cups-without-handle\/","url":"https:\/\/homespunceramic.com\/product\/white-ion-cups-without-handle\/","name":"White Ion cups without handle - Home Spun Ceramic","isPartOf":{"@id":"https:\/\/homespunceramic.com\/#website"},"primaryImageOfPage":{"@id":"https:\/\/homespunceramic.com\/product\/white-ion-cups-without-handle\/#primaryimage"},"image":{"@id":"https:\/\/homespunceramic.com\/product\/white-ion-cups-without-handle\/#primaryimage"},"thumbnailUrl":"https:\/\/homespunceramic.com\/wp-content\/uploads\/2025\/09\/IMG_8630.jpeg","datePublished":"2025-09-24T09:12:14+00:00","dateModified":"2025-10-10T16:51:03+00:00","breadcrumb":{"@id":"https:\/\/homespunceramic.com\/product\/white-ion-cups-without-handle\/#breadcrumb"},"inLanguage":"tr","potentialAction":[{"@type":"ReadAction","target":["https:\/\/homespunceramic.com\/product\/white-ion-cups-without-handle\/"]}]},{"@type":"ImageObject","inLanguage":"tr","@id":"https:\/\/homespunceramic.com\/product\/white-ion-cups-without-handle\/#primaryimage","url":"https:\/\/homespunceramic.com\/wp-content\/uploads\/2025\/09\/IMG_8630.jpeg","contentUrl":"https:\/\/homespunceramic.com\/wp-content\/uploads\/2025\/09\/IMG_8630.jpeg","width":800,"height":800},{"@type":"BreadcrumbList","@id":"https:\/\/homespunceramic.com\/product\/white-ion-cups-without-handle\/#breadcrumb","itemListElement":[{"@type":"ListItem","position":1,"name":"Home","item":"https:\/\/homespunceramic.com\/"},{"@type":"ListItem","position":2,"name":"Shop","item":"https:\/\/homespunceramic.com\/shop\/"},{"@type":"ListItem","position":3,"name":"White Ion cups without handle"}]},{"@type":"WebSite","@id":"https:\/\/homespunceramic.com\/#website","url":"https:\/\/homespunceramic.com\/","name":"Home Spun Ceramic","description":"Handmade Ceramics","publisher":{"@id":"https:\/\/homespunceramic.com\/#\/schema\/person\/d7a43ba25ffe3a9c3f5ede478ecdd663"},"potentialAction":[{"@type":"SearchAction","target":{"@type":"EntryPoint","urlTemplate":"https:\/\/homespunceramic.com\/?s={search_term_string}"},"query-input":{"@type":"PropertyValueSpecification","valueRequired":true,"valueName":"search_term_string"}}],"inLanguage":"tr"},{"@type":["Person","Organization"],"@id":"https:\/\/homespunceramic.com\/#\/schema\/person\/d7a43ba25ffe3a9c3f5ede478ecdd663","name":"\u015eenay \u015eerifo\u011flu Aykanat","image":{"@type":"ImageObject","inLanguage":"tr","@id":"https:\/\/homespunceramic.com\/#\/schema\/person\/image\/","url":"http:\/\/homespunceramic.com\/wp-content\/uploads\/2021\/07\/senay.png","contentUrl":"http:\/\/homespunceramic.com\/wp-content\/uploads\/2021\/07\/senay.png","width":160,"height":160,"caption":"\u015eenay \u015eerifo\u011flu Aykanat"},"logo":{"@id":"https:\/\/homespunceramic.com\/#\/schema\/person\/image\/"},"sameAs":["https:\/\/www.instagram.com\/homespunceramic\/"]}]}},"jetpack_sharing_enabled":true,"_links":{"self":[{"href":"https:\/\/homespunceramic.com\/tr\/wp-json\/wp\/v2\/product\/9735","targetHints":{"allow":["GET"]}}],"collection":[{"href":"https:\/\/homespunceramic.com\/tr\/wp-json\/wp\/v2\/product"}],"about":[{"href":"https:\/\/homespunceramic.com\/tr\/wp-json\/wp\/v2\/types\/product"}],"replies":[{"embeddable":true,"href":"https:\/\/homespunceramic.com\/tr\/wp-json\/wp\/v2\/comments?post=9735"}],"wp:featuredmedia":[{"embeddable":true,"href":"https:\/\/homespunceramic.com\/tr\/wp-json\/wp\/v2\/media\/9736"}],"wp:attachment":[{"href":"https:\/\/homespunceramic.com\/tr\/wp-json\/wp\/v2\/media?parent=9735"}],"wp:term":[{"taxonomy":"product_brand","embeddable":true,"href":"https:\/\/homespunceramic.com\/tr\/wp-json\/wp\/v2\/product_brand?post=9735"},{"taxonomy":"product_cat","embeddable":true,"href":"https:\/\/homespunceramic.com\/tr\/wp-json\/wp\/v2\/product_cat?post=9735"},{"taxonomy":"product_tag","embeddable":true,"href":"https:\/\/homespunceramic.com\/tr\/wp-json\/wp\/v2\/product_tag?post=9735"}],"curies":[{"name":"wp","href":"https:\/\/api.w.org\/{rel}","templated":true}]}}