{"id":9522,"date":"2024-02-16T13:19:20","date_gmt":"2024-02-16T13:19:20","guid":{"rendered":"https:\/\/homespunceramic.com\/?post_type=product&#038;p=9522"},"modified":"2025-12-07T13:20:45","modified_gmt":"2025-12-07T13:20:45","slug":"9522","status":"publish","type":"product","link":"https:\/\/homespunceramic.com\/tr\/urun\/9522\/","title":{"rendered":"Buhurdanl\u0131k"},"content":{"rendered":"<p>This oil burner was shaped on the potter\u2019s wheel using high-quality grey stoneware clay. It will bring fresh and nice smell to your home. Just you need a tealight candle at the bottom, some water in the cup, and a few drops of your favorite essential oil.<\/p>\n<p>Creating and mastering ceramic glazes takes a long time, sometimes even years. I make my own glazes so their colors can be unique and truly original.<\/p>\n<p>Each piece in my studio is crafted by hand with great care, celebrating the beauty of the handmade process. No two items are exactly alike\u2014subtle differences in form, color, and size make every piece truly one of a kind.<\/p>\n<p>Making ceramic takes weeks, throwing, drying, firing, glazing and glaze firing. This makes them \u201cunique\u201d and there may be slight differences between them.<\/p>\n<p>All products will be carefully packaged in my studio.<\/p>\n<p>Te\u015fekk\u00fcr ederiz.<\/p>","protected":false},"excerpt":{"rendered":"<p>\u00d6l\u00e7\u00fcler<br \/>\n\u00c7ap : 8,5 cm<br \/>\nY\u00fckseklik : 10 cm<br \/>\nPi\u015firim s\u0131cakl\u0131\u011f\u0131 : 1200\u00b0C<br \/>\nGri stoneware \u00e7amuru<\/p>\n<p>Thank you for your interest.<\/p>","protected":false},"featured_media":9732,"comment_status":"open","ping_status":"closed","template":"","meta":[],"product_brand":[],"product_cat":[48],"product_tag":[],"class_list":{"0":"post-9522","1":"product","2":"type-product","3":"status-publish","4":"has-post-thumbnail","6":"product_cat-decorative","8":"first","9":"instock","10":"shipping-taxable","11":"purchasable","12":"product-type-simple"},"yoast_head":"<!-- This site is optimized with the Yoast SEO plugin v27.1.1 - https:\/\/yoast.com\/product\/yoast-seo-wordpress\/ -->\n<title>Oil Burner - Home Spun Ceramic<\/title>\n<meta name=\"robots\" content=\"index, follow, max-snippet:-1, max-image-preview:large, max-video-preview:-1\" \/>\n<link rel=\"canonical\" href=\"https:\/\/homespunceramic.com\/tr\/urun\/9522\/\" \/>\n<meta property=\"og:locale\" content=\"tr_TR\" \/>\n<meta property=\"og:type\" content=\"article\" \/>\n<meta property=\"og:title\" content=\"Oil Burner - Home Spun Ceramic\" \/>\n<meta property=\"og:description\" content=\"Dimensions: Diameter: 8,5 cm Height: 10 cm Firing Temperature: Handcrafted stoneware fired at 1200\u00b0C Material: Grey stoneware clay  Thank you for your interest.\" \/>\n<meta property=\"og:url\" content=\"https:\/\/homespunceramic.com\/tr\/urun\/9522\/\" \/>\n<meta property=\"og:site_name\" content=\"Home Spun Ceramic\" \/>\n<meta property=\"article:modified_time\" content=\"2025-12-07T13:20:45+00:00\" \/>\n<meta property=\"og:image\" content=\"http:\/\/homespunceramic.com\/wp-content\/uploads\/2024\/02\/Basliksiz-buh.jpg\" \/>\n\t<meta property=\"og:image:width\" content=\"800\" \/>\n\t<meta property=\"og:image:height\" content=\"800\" \/>\n\t<meta property=\"og:image:type\" content=\"image\/jpeg\" \/>\n<meta name=\"twitter:card\" content=\"summary_large_image\" \/>\n<meta name=\"twitter:label1\" content=\"Tahmini okuma s\u00fcresi\" \/>\n\t<meta name=\"twitter:data1\" content=\"1 dakika\" \/>\n<script type=\"application\/ld+json\" class=\"yoast-schema-graph\">{\"@context\":\"https:\/\/schema.org\",\"@graph\":[{\"@type\":\"WebPage\",\"@id\":\"https:\/\/homespunceramic.com\/product\/9522\/\",\"url\":\"https:\/\/homespunceramic.com\/product\/9522\/\",\"name\":\"Oil Burner - Home Spun Ceramic\",\"isPartOf\":{\"@id\":\"https:\/\/homespunceramic.com\/#website\"},\"primaryImageOfPage\":{\"@id\":\"https:\/\/homespunceramic.com\/product\/9522\/#primaryimage\"},\"image\":{\"@id\":\"https:\/\/homespunceramic.com\/product\/9522\/#primaryimage\"},\"thumbnailUrl\":\"https:\/\/homespunceramic.com\/wp-content\/uploads\/2024\/02\/Basliksiz-buh.jpg\",\"datePublished\":\"2024-02-16T13:19:20+00:00\",\"dateModified\":\"2025-12-07T13:20:45+00:00\",\"breadcrumb\":{\"@id\":\"https:\/\/homespunceramic.com\/product\/9522\/#breadcrumb\"},\"inLanguage\":\"tr\",\"potentialAction\":[{\"@type\":\"ReadAction\",\"target\":[\"https:\/\/homespunceramic.com\/product\/9522\/\"]}]},{\"@type\":\"ImageObject\",\"inLanguage\":\"tr\",\"@id\":\"https:\/\/homespunceramic.com\/product\/9522\/#primaryimage\",\"url\":\"https:\/\/homespunceramic.com\/wp-content\/uploads\/2024\/02\/Basliksiz-buh.jpg\",\"contentUrl\":\"https:\/\/homespunceramic.com\/wp-content\/uploads\/2024\/02\/Basliksiz-buh.jpg\",\"width\":800,\"height\":800},{\"@type\":\"BreadcrumbList\",\"@id\":\"https:\/\/homespunceramic.com\/product\/9522\/#breadcrumb\",\"itemListElement\":[{\"@type\":\"ListItem\",\"position\":1,\"name\":\"Home\",\"item\":\"https:\/\/homespunceramic.com\/\"},{\"@type\":\"ListItem\",\"position\":2,\"name\":\"Shop\",\"item\":\"https:\/\/homespunceramic.com\/shop\/\"},{\"@type\":\"ListItem\",\"position\":3,\"name\":\"Oil Burner\"}]},{\"@type\":\"WebSite\",\"@id\":\"https:\/\/homespunceramic.com\/#website\",\"url\":\"https:\/\/homespunceramic.com\/\",\"name\":\"Home Spun Ceramic\",\"description\":\"Handmade Ceramics\",\"publisher\":{\"@id\":\"https:\/\/homespunceramic.com\/#\/schema\/person\/d7a43ba25ffe3a9c3f5ede478ecdd663\"},\"potentialAction\":[{\"@type\":\"SearchAction\",\"target\":{\"@type\":\"EntryPoint\",\"urlTemplate\":\"https:\/\/homespunceramic.com\/?s={search_term_string}\"},\"query-input\":{\"@type\":\"PropertyValueSpecification\",\"valueRequired\":true,\"valueName\":\"search_term_string\"}}],\"inLanguage\":\"tr\"},{\"@type\":[\"Person\",\"Organization\"],\"@id\":\"https:\/\/homespunceramic.com\/#\/schema\/person\/d7a43ba25ffe3a9c3f5ede478ecdd663\",\"name\":\"\u015eenay \u015eerifo\u011flu Aykanat\",\"image\":{\"@type\":\"ImageObject\",\"inLanguage\":\"tr\",\"@id\":\"https:\/\/homespunceramic.com\/#\/schema\/person\/image\/\",\"url\":\"http:\/\/homespunceramic.com\/wp-content\/uploads\/2021\/07\/senay.png\",\"contentUrl\":\"http:\/\/homespunceramic.com\/wp-content\/uploads\/2021\/07\/senay.png\",\"width\":160,\"height\":160,\"caption\":\"\u015eenay \u015eerifo\u011flu Aykanat\"},\"logo\":{\"@id\":\"https:\/\/homespunceramic.com\/#\/schema\/person\/image\/\"},\"sameAs\":[\"https:\/\/www.instagram.com\/homespunceramic\/\"]}]}<\/script>\n<!-- \/ Yoast SEO plugin. -->","yoast_head_json":{"title":"Oil Burner - Home Spun Ceramic","robots":{"index":"index","follow":"follow","max-snippet":"max-snippet:-1","max-image-preview":"max-image-preview:large","max-video-preview":"max-video-preview:-1"},"canonical":"https:\/\/homespunceramic.com\/tr\/urun\/9522\/","og_locale":"tr_TR","og_type":"article","og_title":"Oil Burner - Home Spun Ceramic","og_description":"Dimensions: Diameter: 8,5 cm Height: 10 cm Firing Temperature: Handcrafted stoneware fired at 1200\u00b0C Material: Grey stoneware clay  Thank you for your interest.","og_url":"https:\/\/homespunceramic.com\/tr\/urun\/9522\/","og_site_name":"Home Spun Ceramic","article_modified_time":"2025-12-07T13:20:45+00:00","og_image":[{"width":800,"height":800,"url":"http:\/\/homespunceramic.com\/wp-content\/uploads\/2024\/02\/Basliksiz-buh.jpg","type":"image\/jpeg"}],"twitter_card":"summary_large_image","twitter_misc":{"Tahmini okuma s\u00fcresi":"1 dakika"},"schema":{"@context":"https:\/\/schema.org","@graph":[{"@type":"WebPage","@id":"https:\/\/homespunceramic.com\/product\/9522\/","url":"https:\/\/homespunceramic.com\/product\/9522\/","name":"Oil Burner - Home Spun Ceramic","isPartOf":{"@id":"https:\/\/homespunceramic.com\/#website"},"primaryImageOfPage":{"@id":"https:\/\/homespunceramic.com\/product\/9522\/#primaryimage"},"image":{"@id":"https:\/\/homespunceramic.com\/product\/9522\/#primaryimage"},"thumbnailUrl":"https:\/\/homespunceramic.com\/wp-content\/uploads\/2024\/02\/Basliksiz-buh.jpg","datePublished":"2024-02-16T13:19:20+00:00","dateModified":"2025-12-07T13:20:45+00:00","breadcrumb":{"@id":"https:\/\/homespunceramic.com\/product\/9522\/#breadcrumb"},"inLanguage":"tr","potentialAction":[{"@type":"ReadAction","target":["https:\/\/homespunceramic.com\/product\/9522\/"]}]},{"@type":"ImageObject","inLanguage":"tr","@id":"https:\/\/homespunceramic.com\/product\/9522\/#primaryimage","url":"https:\/\/homespunceramic.com\/wp-content\/uploads\/2024\/02\/Basliksiz-buh.jpg","contentUrl":"https:\/\/homespunceramic.com\/wp-content\/uploads\/2024\/02\/Basliksiz-buh.jpg","width":800,"height":800},{"@type":"BreadcrumbList","@id":"https:\/\/homespunceramic.com\/product\/9522\/#breadcrumb","itemListElement":[{"@type":"ListItem","position":1,"name":"Home","item":"https:\/\/homespunceramic.com\/"},{"@type":"ListItem","position":2,"name":"Shop","item":"https:\/\/homespunceramic.com\/shop\/"},{"@type":"ListItem","position":3,"name":"Oil Burner"}]},{"@type":"WebSite","@id":"https:\/\/homespunceramic.com\/#website","url":"https:\/\/homespunceramic.com\/","name":"Home Spun Ceramic","description":"Handmade Ceramics","publisher":{"@id":"https:\/\/homespunceramic.com\/#\/schema\/person\/d7a43ba25ffe3a9c3f5ede478ecdd663"},"potentialAction":[{"@type":"SearchAction","target":{"@type":"EntryPoint","urlTemplate":"https:\/\/homespunceramic.com\/?s={search_term_string}"},"query-input":{"@type":"PropertyValueSpecification","valueRequired":true,"valueName":"search_term_string"}}],"inLanguage":"tr"},{"@type":["Person","Organization"],"@id":"https:\/\/homespunceramic.com\/#\/schema\/person\/d7a43ba25ffe3a9c3f5ede478ecdd663","name":"\u015eenay \u015eerifo\u011flu Aykanat","image":{"@type":"ImageObject","inLanguage":"tr","@id":"https:\/\/homespunceramic.com\/#\/schema\/person\/image\/","url":"http:\/\/homespunceramic.com\/wp-content\/uploads\/2021\/07\/senay.png","contentUrl":"http:\/\/homespunceramic.com\/wp-content\/uploads\/2021\/07\/senay.png","width":160,"height":160,"caption":"\u015eenay \u015eerifo\u011flu Aykanat"},"logo":{"@id":"https:\/\/homespunceramic.com\/#\/schema\/person\/image\/"},"sameAs":["https:\/\/www.instagram.com\/homespunceramic\/"]}]}},"jetpack_sharing_enabled":true,"_links":{"self":[{"href":"https:\/\/homespunceramic.com\/tr\/wp-json\/wp\/v2\/product\/9522","targetHints":{"allow":["GET"]}}],"collection":[{"href":"https:\/\/homespunceramic.com\/tr\/wp-json\/wp\/v2\/product"}],"about":[{"href":"https:\/\/homespunceramic.com\/tr\/wp-json\/wp\/v2\/types\/product"}],"replies":[{"embeddable":true,"href":"https:\/\/homespunceramic.com\/tr\/wp-json\/wp\/v2\/comments?post=9522"}],"wp:featuredmedia":[{"embeddable":true,"href":"https:\/\/homespunceramic.com\/tr\/wp-json\/wp\/v2\/media\/9732"}],"wp:attachment":[{"href":"https:\/\/homespunceramic.com\/tr\/wp-json\/wp\/v2\/media?parent=9522"}],"wp:term":[{"taxonomy":"product_brand","embeddable":true,"href":"https:\/\/homespunceramic.com\/tr\/wp-json\/wp\/v2\/product_brand?post=9522"},{"taxonomy":"product_cat","embeddable":true,"href":"https:\/\/homespunceramic.com\/tr\/wp-json\/wp\/v2\/product_cat?post=9522"},{"taxonomy":"product_tag","embeddable":true,"href":"https:\/\/homespunceramic.com\/tr\/wp-json\/wp\/v2\/product_tag?post=9522"}],"curies":[{"name":"wp","href":"https:\/\/api.w.org\/{rel}","templated":true}]}}