{"id":10108,"date":"2026-04-07T06:50:06","date_gmt":"2026-04-07T06:50:06","guid":{"rendered":"https:\/\/homespunceramic.com\/?post_type=product&#038;p=10108"},"modified":"2026-04-07T06:52:06","modified_gmt":"2026-04-07T06:52:06","slug":"25-april-2026-weekend-wheelthrowing-class-for-adults-turkishenglish","status":"publish","type":"product","link":"https:\/\/homespunceramic.com\/tr\/urun\/25-april-2026-weekend-wheelthrowing-class-for-adults-turkishenglish\/","title":{"rendered":"25 April 2026 \/ Weekend Wheelthrowing Class for Adults (Turkish&#038;English)"},"content":{"rendered":"<blockquote><p>&nbsp;<\/p><\/blockquote>","protected":false},"excerpt":{"rendered":"<p>This course does not require any prior experience. You will learn from scratch how to shape clay on a pottery wheel. You can join whether you want to relax, get into the flow, or develop strong pottery wheel skills and improve your practice.<\/p>\n<p>T\u00fcm malzemeler at\u00f6lye taraf\u0131ndan sa\u011flanacakt\u0131r.<\/p>\n<p>Workshop s\u00fcresi 2,5 saattir,  T\u00fcrk\u00e7e ve \u0130ngilizce dillerinde olacakt\u0131r.<\/p>\n<p>G\u00fczel sanatlar mezunu ve 7 y\u0131ll\u0131k bilgi birikimim ile seramik alan\u0131nda ilgilenenlerle bulu\u015faca\u011f\u0131z. Workshop da \u00fcretti\u011finiz \u00fcr\u00fcnlerden en fazla 3-4 adet i\u015f pi\u015firilecektir.  Par\u00e7a ba\u015f\u0131na mevcut olan renklerden bir s\u0131r se\u00e7ebilirsiniz, istedi\u011finiz renk de s\u0131rlanacakt\u0131r.<\/p>\n<p>Since functional pieces are fired above 1240\u00b0C, they are dishwasher-safe. All glazes are food-safe.<\/p>\n<p>\u0130ptal ve kat\u0131l\u0131m ko\u015fullar\u0131:<br \/>\nWebsitesi \u00fczerinden kay\u0131t yap\u0131p sat\u0131n alabilirsiniz.<br \/>\nKurs \u00fccreti iade edilemez ancak g\u00fcn de\u011fi\u015fikli\u011fi yapabilirsiniz. Mail atman\u0131z yeterlidir.<\/p>","protected":false},"featured_media":9835,"comment_status":"open","ping_status":"closed","template":"","meta":[],"product_brand":[],"product_cat":[84],"product_tag":[],"class_list":{"0":"post-10108","1":"product","2":"type-product","3":"status-publish","4":"has-post-thumbnail","6":"product_cat-workshops","8":"first","9":"instock","10":"sold-individually","11":"shipping-taxable","12":"purchasable","13":"product-type-variable"},"yoast_head":"<!-- This site is optimized with the Yoast SEO plugin v27.1.1 - https:\/\/yoast.com\/product\/yoast-seo-wordpress\/ -->\n<title>25 April 2026 \/ Weekend Wheelthrowing Class for Adults (Turkish&amp;English) - Home Spun Ceramic<\/title>\n<meta name=\"robots\" content=\"index, follow, max-snippet:-1, max-image-preview:large, max-video-preview:-1\" \/>\n<link rel=\"canonical\" href=\"https:\/\/homespunceramic.com\/tr\/urun\/25-april-2026-weekend-wheelthrowing-class-for-adults-turkishenglish\/\" \/>\n<meta property=\"og:locale\" content=\"tr_TR\" \/>\n<meta property=\"og:type\" content=\"article\" \/>\n<meta property=\"og:title\" content=\"25 April 2026 \/ Weekend Wheelthrowing Class for Adults (Turkish&amp;English) - Home Spun Ceramic\" \/>\n<meta property=\"og:description\" content=\"This course does not require any prior experience. You will learn from scratch how to shape clay on a pottery wheel. You can join whether you want to relax, get into the flow, or develop strong pottery wheel skills and improve your practice.  All materials are provided by the studio. It will be a private lesson.  The workshop lasts 2 hours and will be in Turkish and English.  With my Fine Arts degree and 7 years of experience, I\u2019m excited to meet those interested in ceramics. During the workshop, a maximum of 3-4 pieces you create will be fired. For each piece, you can choose one of the available glaze colors, and your desired color will be applied.  Since functional pieces are fired above 1240\u00b0C, they are dishwasher-safe. All glazes are food-safe.  Cancellation &amp; Participation Policy: You can register and purchase your spot through the website. The workshop fee is non-refundable, but you may reschedule to another date \u2014 just send me an email.\" \/>\n<meta property=\"og:url\" content=\"https:\/\/homespunceramic.com\/tr\/urun\/25-april-2026-weekend-wheelthrowing-class-for-adults-turkishenglish\/\" \/>\n<meta property=\"og:site_name\" content=\"Home Spun Ceramic\" \/>\n<meta property=\"article:modified_time\" content=\"2026-04-07T06:52:06+00:00\" \/>\n<meta property=\"og:image\" content=\"http:\/\/homespunceramic.com\/wp-content\/uploads\/2025\/11\/IMG_9211.jpeg\" \/>\n\t<meta property=\"og:image:width\" content=\"1290\" \/>\n\t<meta property=\"og:image:height\" content=\"1158\" \/>\n\t<meta property=\"og:image:type\" content=\"image\/jpeg\" \/>\n<meta name=\"twitter:card\" content=\"summary_large_image\" \/>\n<meta name=\"twitter:label1\" content=\"Tahmini okuma s\u00fcresi\" \/>\n\t<meta name=\"twitter:data1\" content=\"1 dakika\" \/>\n<script type=\"application\/ld+json\" class=\"yoast-schema-graph\">{\"@context\":\"https:\/\/schema.org\",\"@graph\":[{\"@type\":\"WebPage\",\"@id\":\"https:\/\/homespunceramic.com\/product\/25-april-2026-weekend-wheelthrowing-class-for-adults-turkishenglish\/\",\"url\":\"https:\/\/homespunceramic.com\/product\/25-april-2026-weekend-wheelthrowing-class-for-adults-turkishenglish\/\",\"name\":\"25 April 2026 \/ Weekend Wheelthrowing Class for Adults (Turkish&English) - Home Spun Ceramic\",\"isPartOf\":{\"@id\":\"https:\/\/homespunceramic.com\/#website\"},\"primaryImageOfPage\":{\"@id\":\"https:\/\/homespunceramic.com\/product\/25-april-2026-weekend-wheelthrowing-class-for-adults-turkishenglish\/#primaryimage\"},\"image\":{\"@id\":\"https:\/\/homespunceramic.com\/product\/25-april-2026-weekend-wheelthrowing-class-for-adults-turkishenglish\/#primaryimage\"},\"thumbnailUrl\":\"https:\/\/homespunceramic.com\/wp-content\/uploads\/2025\/11\/IMG_9211.jpeg\",\"datePublished\":\"2026-04-07T06:50:06+00:00\",\"dateModified\":\"2026-04-07T06:52:06+00:00\",\"breadcrumb\":{\"@id\":\"https:\/\/homespunceramic.com\/product\/25-april-2026-weekend-wheelthrowing-class-for-adults-turkishenglish\/#breadcrumb\"},\"inLanguage\":\"tr\",\"potentialAction\":[{\"@type\":\"ReadAction\",\"target\":[\"https:\/\/homespunceramic.com\/product\/25-april-2026-weekend-wheelthrowing-class-for-adults-turkishenglish\/\"]}]},{\"@type\":\"ImageObject\",\"inLanguage\":\"tr\",\"@id\":\"https:\/\/homespunceramic.com\/product\/25-april-2026-weekend-wheelthrowing-class-for-adults-turkishenglish\/#primaryimage\",\"url\":\"https:\/\/homespunceramic.com\/wp-content\/uploads\/2025\/11\/IMG_9211.jpeg\",\"contentUrl\":\"https:\/\/homespunceramic.com\/wp-content\/uploads\/2025\/11\/IMG_9211.jpeg\",\"width\":1290,\"height\":1158},{\"@type\":\"BreadcrumbList\",\"@id\":\"https:\/\/homespunceramic.com\/product\/25-april-2026-weekend-wheelthrowing-class-for-adults-turkishenglish\/#breadcrumb\",\"itemListElement\":[{\"@type\":\"ListItem\",\"position\":1,\"name\":\"Home\",\"item\":\"https:\/\/homespunceramic.com\/\"},{\"@type\":\"ListItem\",\"position\":2,\"name\":\"Shop\",\"item\":\"https:\/\/homespunceramic.com\/shop\/\"},{\"@type\":\"ListItem\",\"position\":3,\"name\":\"25 April 2026 \/ Weekend Wheelthrowing Class for Adults (Turkish&#038;English)\"}]},{\"@type\":\"WebSite\",\"@id\":\"https:\/\/homespunceramic.com\/#website\",\"url\":\"https:\/\/homespunceramic.com\/\",\"name\":\"Home Spun Ceramic\",\"description\":\"Handmade Ceramics\",\"publisher\":{\"@id\":\"https:\/\/homespunceramic.com\/#\/schema\/person\/d7a43ba25ffe3a9c3f5ede478ecdd663\"},\"potentialAction\":[{\"@type\":\"SearchAction\",\"target\":{\"@type\":\"EntryPoint\",\"urlTemplate\":\"https:\/\/homespunceramic.com\/?s={search_term_string}\"},\"query-input\":{\"@type\":\"PropertyValueSpecification\",\"valueRequired\":true,\"valueName\":\"search_term_string\"}}],\"inLanguage\":\"tr\"},{\"@type\":[\"Person\",\"Organization\"],\"@id\":\"https:\/\/homespunceramic.com\/#\/schema\/person\/d7a43ba25ffe3a9c3f5ede478ecdd663\",\"name\":\"\u015eenay \u015eerifo\u011flu Aykanat\",\"image\":{\"@type\":\"ImageObject\",\"inLanguage\":\"tr\",\"@id\":\"https:\/\/homespunceramic.com\/#\/schema\/person\/image\/\",\"url\":\"http:\/\/homespunceramic.com\/wp-content\/uploads\/2021\/07\/senay.png\",\"contentUrl\":\"http:\/\/homespunceramic.com\/wp-content\/uploads\/2021\/07\/senay.png\",\"width\":160,\"height\":160,\"caption\":\"\u015eenay \u015eerifo\u011flu Aykanat\"},\"logo\":{\"@id\":\"https:\/\/homespunceramic.com\/#\/schema\/person\/image\/\"},\"sameAs\":[\"https:\/\/www.instagram.com\/homespunceramic\/\"]}]}<\/script>\n<!-- \/ Yoast SEO plugin. -->","yoast_head_json":{"title":"25 April 2026 \/ Weekend Wheelthrowing Class for Adults (Turkish&English) - Home Spun Ceramic","robots":{"index":"index","follow":"follow","max-snippet":"max-snippet:-1","max-image-preview":"max-image-preview:large","max-video-preview":"max-video-preview:-1"},"canonical":"https:\/\/homespunceramic.com\/tr\/urun\/25-april-2026-weekend-wheelthrowing-class-for-adults-turkishenglish\/","og_locale":"tr_TR","og_type":"article","og_title":"25 April 2026 \/ Weekend Wheelthrowing Class for Adults (Turkish&English) - Home Spun Ceramic","og_description":"This course does not require any prior experience. You will learn from scratch how to shape clay on a pottery wheel. You can join whether you want to relax, get into the flow, or develop strong pottery wheel skills and improve your practice.  All materials are provided by the studio. It will be a private lesson.  The workshop lasts 2 hours and will be in Turkish and English.  With my Fine Arts degree and 7 years of experience, I\u2019m excited to meet those interested in ceramics. During the workshop, a maximum of 3-4 pieces you create will be fired. For each piece, you can choose one of the available glaze colors, and your desired color will be applied.  Since functional pieces are fired above 1240\u00b0C, they are dishwasher-safe. All glazes are food-safe.  Cancellation &amp; Participation Policy: You can register and purchase your spot through the website. The workshop fee is non-refundable, but you may reschedule to another date \u2014 just send me an email.","og_url":"https:\/\/homespunceramic.com\/tr\/urun\/25-april-2026-weekend-wheelthrowing-class-for-adults-turkishenglish\/","og_site_name":"Home Spun Ceramic","article_modified_time":"2026-04-07T06:52:06+00:00","og_image":[{"width":1290,"height":1158,"url":"http:\/\/homespunceramic.com\/wp-content\/uploads\/2025\/11\/IMG_9211.jpeg","type":"image\/jpeg"}],"twitter_card":"summary_large_image","twitter_misc":{"Tahmini okuma s\u00fcresi":"1 dakika"},"schema":{"@context":"https:\/\/schema.org","@graph":[{"@type":"WebPage","@id":"https:\/\/homespunceramic.com\/product\/25-april-2026-weekend-wheelthrowing-class-for-adults-turkishenglish\/","url":"https:\/\/homespunceramic.com\/product\/25-april-2026-weekend-wheelthrowing-class-for-adults-turkishenglish\/","name":"25 April 2026 \/ Weekend Wheelthrowing Class for Adults (Turkish&English) - Home Spun Ceramic","isPartOf":{"@id":"https:\/\/homespunceramic.com\/#website"},"primaryImageOfPage":{"@id":"https:\/\/homespunceramic.com\/product\/25-april-2026-weekend-wheelthrowing-class-for-adults-turkishenglish\/#primaryimage"},"image":{"@id":"https:\/\/homespunceramic.com\/product\/25-april-2026-weekend-wheelthrowing-class-for-adults-turkishenglish\/#primaryimage"},"thumbnailUrl":"https:\/\/homespunceramic.com\/wp-content\/uploads\/2025\/11\/IMG_9211.jpeg","datePublished":"2026-04-07T06:50:06+00:00","dateModified":"2026-04-07T06:52:06+00:00","breadcrumb":{"@id":"https:\/\/homespunceramic.com\/product\/25-april-2026-weekend-wheelthrowing-class-for-adults-turkishenglish\/#breadcrumb"},"inLanguage":"tr","potentialAction":[{"@type":"ReadAction","target":["https:\/\/homespunceramic.com\/product\/25-april-2026-weekend-wheelthrowing-class-for-adults-turkishenglish\/"]}]},{"@type":"ImageObject","inLanguage":"tr","@id":"https:\/\/homespunceramic.com\/product\/25-april-2026-weekend-wheelthrowing-class-for-adults-turkishenglish\/#primaryimage","url":"https:\/\/homespunceramic.com\/wp-content\/uploads\/2025\/11\/IMG_9211.jpeg","contentUrl":"https:\/\/homespunceramic.com\/wp-content\/uploads\/2025\/11\/IMG_9211.jpeg","width":1290,"height":1158},{"@type":"BreadcrumbList","@id":"https:\/\/homespunceramic.com\/product\/25-april-2026-weekend-wheelthrowing-class-for-adults-turkishenglish\/#breadcrumb","itemListElement":[{"@type":"ListItem","position":1,"name":"Home","item":"https:\/\/homespunceramic.com\/"},{"@type":"ListItem","position":2,"name":"Shop","item":"https:\/\/homespunceramic.com\/shop\/"},{"@type":"ListItem","position":3,"name":"25 April 2026 \/ Weekend Wheelthrowing Class for Adults (Turkish&#038;English)"}]},{"@type":"WebSite","@id":"https:\/\/homespunceramic.com\/#website","url":"https:\/\/homespunceramic.com\/","name":"Home Spun Ceramic","description":"Handmade Ceramics","publisher":{"@id":"https:\/\/homespunceramic.com\/#\/schema\/person\/d7a43ba25ffe3a9c3f5ede478ecdd663"},"potentialAction":[{"@type":"SearchAction","target":{"@type":"EntryPoint","urlTemplate":"https:\/\/homespunceramic.com\/?s={search_term_string}"},"query-input":{"@type":"PropertyValueSpecification","valueRequired":true,"valueName":"search_term_string"}}],"inLanguage":"tr"},{"@type":["Person","Organization"],"@id":"https:\/\/homespunceramic.com\/#\/schema\/person\/d7a43ba25ffe3a9c3f5ede478ecdd663","name":"\u015eenay \u015eerifo\u011flu Aykanat","image":{"@type":"ImageObject","inLanguage":"tr","@id":"https:\/\/homespunceramic.com\/#\/schema\/person\/image\/","url":"http:\/\/homespunceramic.com\/wp-content\/uploads\/2021\/07\/senay.png","contentUrl":"http:\/\/homespunceramic.com\/wp-content\/uploads\/2021\/07\/senay.png","width":160,"height":160,"caption":"\u015eenay \u015eerifo\u011flu Aykanat"},"logo":{"@id":"https:\/\/homespunceramic.com\/#\/schema\/person\/image\/"},"sameAs":["https:\/\/www.instagram.com\/homespunceramic\/"]}]}},"jetpack_sharing_enabled":true,"_links":{"self":[{"href":"https:\/\/homespunceramic.com\/tr\/wp-json\/wp\/v2\/product\/10108","targetHints":{"allow":["GET"]}}],"collection":[{"href":"https:\/\/homespunceramic.com\/tr\/wp-json\/wp\/v2\/product"}],"about":[{"href":"https:\/\/homespunceramic.com\/tr\/wp-json\/wp\/v2\/types\/product"}],"replies":[{"embeddable":true,"href":"https:\/\/homespunceramic.com\/tr\/wp-json\/wp\/v2\/comments?post=10108"}],"wp:featuredmedia":[{"embeddable":true,"href":"https:\/\/homespunceramic.com\/tr\/wp-json\/wp\/v2\/media\/9835"}],"wp:attachment":[{"href":"https:\/\/homespunceramic.com\/tr\/wp-json\/wp\/v2\/media?parent=10108"}],"wp:term":[{"taxonomy":"product_brand","embeddable":true,"href":"https:\/\/homespunceramic.com\/tr\/wp-json\/wp\/v2\/product_brand?post=10108"},{"taxonomy":"product_cat","embeddable":true,"href":"https:\/\/homespunceramic.com\/tr\/wp-json\/wp\/v2\/product_cat?post=10108"},{"taxonomy":"product_tag","embeddable":true,"href":"https:\/\/homespunceramic.com\/tr\/wp-json\/wp\/v2\/product_tag?post=10108"}],"curies":[{"name":"wp","href":"https:\/\/api.w.org\/{rel}","templated":true}]}}