{"id":9381,"date":"2023-10-03T13:46:16","date_gmt":"2023-10-03T13:46:16","guid":{"rendered":"https:\/\/homespunceramic.com\/?page_id=9381"},"modified":"2023-11-29T18:55:11","modified_gmt":"2023-11-29T18:55:11","slug":"distancesalesagreement","status":"publish","type":"page","link":"https:\/\/homespunceramic.com\/tr\/distancesalesagreement\/","title":{"rendered":"Mesafeli Sat\u0131\u015f S\u00f6zle\u015fmesi"},"content":{"rendered":"<div data-elementor-type=\"wp-page\" data-elementor-id=\"9381\" class=\"elementor elementor-9381\">\n\t\t\t\t\t\t<section class=\"elementor-section elementor-top-section elementor-element elementor-element-42d01d6b elementor-section-boxed elementor-section-height-default elementor-section-height-default qodef-elementor-content-no\" data-id=\"42d01d6b\" data-element_type=\"section\" data-e-type=\"section\">\n\t\t\t\t\t\t<div class=\"elementor-container elementor-column-gap-default\">\n\t\t\t\t\t<div class=\"elementor-column elementor-col-100 elementor-top-column elementor-element elementor-element-2e1c0f8f\" data-id=\"2e1c0f8f\" data-element_type=\"column\" data-e-type=\"column\">\n\t\t\t<div class=\"elementor-widget-wrap elementor-element-populated\">\n\t\t\t\t\t\t<div class=\"elementor-element elementor-element-14c6d7b2 elementor-widget elementor-widget-text-editor\" data-id=\"14c6d7b2\" data-element_type=\"widget\" data-e-type=\"widget\" data-widget_type=\"text-editor.default\">\n\t\t\t\t<div class=\"elementor-widget-container\">\n\t\t\t\t\t\t\t\t\t<p>MESAFEL\u0130 SATI\u015e S\u00d6ZLE\u015eMES\u0130<\/p><p>Madde 1- Taraflar<\/p><p>1.1. Sat\u0131c\u0131<\/p><p>\u0130sim: Home Spun Ceramic Online Shop (<a href=\"https:\/\/homespunceramic.com\/tr\/\">www.homespunceramic.com<\/a>)\u00a0<\/p><p>Adres: \u0130smetpa\u015fa Mah. Mersinaki Cad. 309 Sok. G\u00fczelcan Sit. No:15 Fo\u00e7a\/\u0130zmir\/Turkey\u00a0<\/p><p>Telefone: +90 535 295 72 17\u00a0<\/p><p>E Posta <a href=\"mailto:info@homespunceramic.com\" target=\"_new\">info@homespunceramic.com<\/a><\/p><p>1.2. Al\u0131c\u0131<\/p><p>Ad\u0131 \u2013 soyad\u0131\/TC.No Adres Telefon E Posta<\/p><p>Madde 2- Konu<\/p><p>\u0130\u015fbu mesafeli sat\u0131\u015f s\u00f6zle\u015fmesinin konusu, ALICI\u2019n\u0131n SATICI\u2019ya ait <a href=\"https:\/\/homespunceramic.com\/tr\/\" target=\"_new\">http:\/\/www.homespunceramic, <\/a>internet sitesinden elektronik ortamda sipari\u015fini yapt\u0131\u011f\u0131 a\u015fa\u011f\u0131da nitelikleri ve sat\u0131\u015f \u00fccreti belirtilen \u00fcr\u00fcn\u00fcn sat\u0131\u015f\u0131 ve teslimi ile ilgili olarak 4077 say\u0131l\u0131 T\u00fcketicilerin Korunmas\u0131 Hakk\u0131ndaki Kanun ve Mesafeli S\u00f6zle\u015fmelere Dair Y\u00f6netmelik h\u00fck\u00fcmleri gere\u011fince taraflar\u0131n hak ve y\u00fck\u00fcml\u00fcl\u00fcklerinin saptanmas\u0131d\u0131r.<\/p><p>Al\u0131c\u0131, sat\u0131c\u0131n\u0131n isim, unvan, a\u00e7\u0131k adres, telefon ve di\u011fer eri\u015fim bilgileri , sat\u0131\u015fa konu mal\u0131n temel nitelikleri, vergiler dahil olmak \u00fczere sat\u0131\u015f fiyat\u0131 , \u00f6deme sekli, teslimat ko\u015fullar\u0131 ve masraflar\u0131 vs. sat\u0131\u015fa konu mal ile ilgili t\u00fcm \u00f6n bilgiler ve \u201ccayma\u201d hakk\u0131n\u0131n kullan\u0131lmas\u0131 ve bu hakk\u0131n nas\u0131l kullan\u0131laca\u011f\u0131 , \u015fikayet ve itirazlar\u0131n\u0131 iletebilecekleri resmi makamlar vs. konusunda a\u00e7\u0131k , anla\u015f\u0131l\u0131r ve internet ortam\u0131na uygun \u015fekilde sat\u0131c\u0131 taraf\u0131ndan bilgilendirildi\u011fini , bu \u00f6n bilgileri elektronik ortamda teyit etti\u011fini ve sonras\u0131nda mal sipari\u015f verdi\u011fini is bu s\u00f6zle\u015fme h\u00fck\u00fcmlerince kabul ve beyan eder.<\/p><p>The preliminary information available on <a href=\"https:\/\/homespunceramic.com\/tr\/\">https:\/\/homespunceramic.com<\/a> sitesinde yer alan \u00f6n bilgilendirme ve al\u0131c\u0131 taraf\u0131ndan verilen sipari\u015f \u00fczerine d\u00fczenlenen fatura is bu s\u00f6zle\u015fmenin ayr\u0131lmaz par\u00e7alar\u0131d\u0131r.<\/p><p>Madde 3- S\u00f6zle\u015fme Konusu \u00dcr\u00fcn\/\u00d6deme\/Teslimat Bilgileri<\/p><p>Elektronik ortamda al\u0131nan \u00fcr\u00fcn\/\u00fcr\u00fcnlerin cinsi ve t\u00fcr\u00fc, miktar\u0131, marka\/modeli, sat\u0131\u015f bedeli, \u00f6deme \u015fekli, teslim alacak ki\u015fi, teslimat adresi, fatura bilgileri, kargo \u00fccreti a\u015fa\u011f\u0131da belirtildi\u011fi gibidir. Fatura edilecek ki\u015fi ile s\u00f6zle\u015fmeyi yapan ki\u015fi ayn\u0131 olmak zorundad\u0131r. A\u015fa\u011f\u0131da yer alan bilgiler do\u011fru ve eksiksiz olmal\u0131d\u0131r. Bu bilgilerin do\u011fru olmad\u0131\u011f\u0131 veya noksan oldu\u011fu durumlardan do\u011facak zararlar\u0131 tamam\u0131yla kar\u015f\u0131lamay\u0131 al\u0131c\u0131 kabul eder ve ayr\u0131ca bu durumdan olu\u015fabilecek her t\u00fcrl\u00fc sorumlulu\u011fu al\u0131c\u0131 kabul eder.<\/p><p>SATICI gerekli g\u00f6rd\u00fc\u011f\u00fc durumlarda, ALICI\u2019n\u0131n vermi\u015f oldu\u011fu bilgiler ger\u00e7ekle \u00f6rt\u00fc\u015fmedi\u011finde, sipari\u015fi durdurma hakk\u0131n\u0131 sakl\u0131 tutar. SATICI sipari\u015fte sorun tespit etti\u011fi durumlarda ALICI\u2019n\u0131n vermi\u015f oldu\u011fu telefon, e-posta ve posta adreslerinden ALICI\u2019ya ula\u015famad\u0131\u011f\u0131 takdirde sipari\u015fin y\u00fcr\u00fcrl\u00fc\u011fe koyulmas\u0131n\u0131 15 (onbe\u015f) g\u00fcn s\u00fcreyle dondurur. ALICI\u2019n\u0131n bu s\u00fcre zarf\u0131nda SATICI ile konuyla ilgili olarak ileti\u015fime ge\u00e7mesi beklenir. Bu s\u00fcre i\u00e7erisinde ALICI\u2019dan herhangi bir cevap al\u0131namazsa SATICI, her iki taraf\u0131n da zarar g\u00f6rmemesi i\u00e7in sipari\u015fi iptal eder.<\/p><p>Al\u0131nan \u00dcr\u00fcn \/\u00dcr\u00fcnler \nAd\u0131 , kodu : ; \u2026 adet\nToplam Sat\u0131\u015f Bedeli : \u2026. -TL\n\u00d6deme \u015eekli : Kredi Kart\u0131\/Banka Havalesi (EFT)\nTeslim Edilecek Ki\u015fi :\nTelefon numaras\u0131 :\nTeslim Edilecek Adres :\nFatura Edilecek Ki\u015fi\/Kurum :\nFatura Adresi :\nVergi Dairesi :\nVergi Sicil Numaras\u0131 :\nKargo \u00dccreti : \u2026 -TL<\/p><p>Madde 4- S\u00f6zle\u015fme Tarihi ve M\u00fccbir Nedenler<\/p><p>S\u00f6zle\u015fme tarihi, al\u0131c\u0131 taraf\u0131ndan sipari\u015fin verildi\u011fi tarih olan ..\/..\/\u2026. tarihidir.<\/p><p>S\u00f6zle\u015fmenin imzaland\u0131\u011f\u0131 tarihte mevcut olmayan veya \u00f6ng\u00f6r\u00fclmeyen, taraflar\u0131n kontrolleri d\u0131\u015f\u0131nda geli\u015fen, ortaya \u00e7\u0131kmas\u0131yla taraflardan birinin ya da her ikisinin de s\u00f6zle\u015fme ile y\u00fcklendikleri bor\u00e7 ve sorumluluklar\u0131n\u0131 k\u0131smen ya da tamamen yerine getirmelerini ya da bunlar\u0131 zaman\u0131nda yerine getirmelerini olanaks\u0131zla\u015ft\u0131ran durumlar, m\u00fccbir sebep (Do\u011fal afet, sava\u015f, ter\u00f6r, ayaklanma, de\u011fi\u015fen mevzuat h\u00fck\u00fcmleri, el koyma veya grev, lokavt, \u00fcretim ve ileti\u015fim tesislerinde \u00f6nemli \u00f6l\u00e7\u00fcde ar\u0131za vb.) olarak kabul edilecektir. M\u00fccbir sebep \u015fahs\u0131nda ger\u00e7ekle\u015fen taraf, di\u011fer tarafa durumu derhal ve yaz\u0131l\u0131 olarak bildirecektir.<\/p><p>M\u00fccbir sebebin devam\u0131 esnas\u0131nda taraflar\u0131n edimlerini yerine getirememelerinden dolay\u0131 herhangi bir sorumluluklar\u0131 do\u011fmayacakt\u0131r. \u0130\u015fbu m\u00fccbir sebep durumu 30 (otuz ) g\u00fcn s\u00fcreyle devam ederse, taraflardan her birinin, tek tarafl\u0131 olarak fesih hakk\u0131 do\u011fmu\u015f olacakt\u0131r.<\/p><p>Madde 5- Sat\u0131c\u0131n\u0131n Hak ve Y\u00fck\u00fcml\u00fcl\u00fckleri<\/p><p>5.1. Sat\u0131c\u0131, 4077 say\u0131l\u0131 T\u00fcketicilerin Korunmas\u0131 Hakk\u0131ndaki Kanun ve Mesafeli S\u00f6zle\u015fmelere Dair Y\u00f6netmelik h\u00fck\u00fcmleri uyar\u0131nca s\u00f6zle\u015fmede kendisine y\u00fcklenen edimleri m\u00fccbir haller d\u0131\u015f\u0131nda eksiksiz yerine getirmeyi kabul ve taahh\u00fct eder.<\/p><p>5.2. 18 (on sekiz) ya\u015f\u0131ndan k\u00fc\u00e7\u00fck ki\u015filer tp:\/\/homespunceramic.com \u2019den al\u0131\u015fveri\u015f yapamaz. Sat\u0131c\u0131, al\u0131c\u0131n\u0131n s\u00f6zle\u015fmede belirtti\u011fi ya\u015f\u0131n\u0131n do\u011fru oldu\u011funu esas alacakt\u0131r. Ancak al\u0131c\u0131n\u0131n ya\u015f\u0131n\u0131 yanl\u0131\u015f yazmas\u0131ndan dolay\u0131 sat\u0131c\u0131ya hi\u00e7bir \u015fekilde sorumluluk y\u00fcklenemeyecektir. <a href=\"https:\/\/homespunceramic.com\/tr\/\">https:\/\/homespunceramic.com<\/a>\u00a0The Seller will rely on the age stated in the contract. However, the Seller will not be held responsible for any inaccuracies in the age provided by the Buyer.<\/p><p>5.3. <a href=\"https:\/\/homespunceramic.com\/tr\/\">https:\/\/homespunceramic.com<\/a> 5.3. Sistem hatalar\u0131ndan meydana gelen fiyat yanl\u0131\u015fl\u0131klar\u0131ndan https:\/\/homespunceramic.com sorumlu de\u011fildir. Buna istinaden sat\u0131c\u0131, internet sitesindeki sistemden, dizayndan veya yasad\u0131\u015f\u0131 yollarla internet sitesine yap\u0131labilecek m\u00fcdahaleler sebebiyle ortaya \u00e7\u0131kabilecek tan\u0131t\u0131m, fiyat hatalar\u0131ndan sorumlu de\u011fildir. Sistem hatalar\u0131na dayal\u0131 olarak al\u0131c\u0131 sat\u0131c\u0131dan hak iddias\u0131nda bulunamaz.<\/p><p>Madde 6- Al\u0131c\u0131n\u0131n Hak ve Y\u00fck\u00fcml\u00fcl\u00fckleri<\/p><p>6.1. Al\u0131c\u0131, s\u00f6zle\u015fmede kendisine y\u00fcklenen edimleri m\u00fccbir sebepler d\u0131\u015f\u0131nda eksiksiz yerine getirmeyi kabul ve taahh\u00fct eder.<\/p><p>6.2. Al\u0131c\u0131, sipari\u015f vermekle birlikte i\u015f s\u00f6zle\u015fme h\u00fck\u00fcmlerini kabul etmi\u015f say\u0131ld\u0131\u011f\u0131n\u0131 ve s\u00f6zle\u015fmede belirtilen \u00f6deme \u015fekline uygun \u00f6demeyi yapaca\u011f\u0131n\u0131 kabul ve taahh\u00fct eder.<\/p><p>6.3. Al\u0131c\u0131, https:\/\/homespunceramic.com internet sitesinden sat\u0131c\u0131n\u0131n isim, unvan, a\u00e7\u0131k adres, telefon ve di\u011fer eri\u015fim bilgileri , sat\u0131\u015fa konu mal\u0131n temel nitelikleri, vergiler dahil olmak \u00fczere sat\u0131\u015f fiyat\u0131 , \u00f6deme sekli, teslimat ko\u015fullar\u0131 ve masraflar\u0131 vs. sat\u0131\u015fa konu mal ile ilgili t\u00fcm \u00f6n bilgiler ve \u201ccayma\u201d hakk\u0131n\u0131n kullan\u0131lmas\u0131 ve bu hakk\u0131n nas\u0131l kullan\u0131laca\u011f\u0131 , \u015fikayet ve itirazlar\u0131n\u0131 iletebilecekleri resmi makamlar vs. konusunda a\u00e7\u0131k , anla\u015f\u0131l\u0131r ve internet ortam\u0131na uygun \u015fekilde bilgi sahibi oldu\u011funu bu \u00f6n bilgileri elektronik ortamda teyit etti\u011fini kabul ve beyan eder.<\/p><p>6.4. Bir \u00f6nceki maddeye ba\u011fl\u0131 olarak Al\u0131c\u0131, \u00fcr\u00fcn sipari\u015f ve \u00f6deme ko\u015fullar\u0131n\u0131n, \u00fcr\u00fcn kullan\u0131m talimatlar\u0131n\u0131n, olas\u0131 durumlara kar\u015f\u0131 al\u0131nan tedbirlerin ve yap\u0131lan uyar\u0131lar\u0131n oldu\u011fu www\u2026\u2026.com  sipari\u015f\/\u00f6deme\/kullan\u0131m prosed\u00fcr\u00fc bilgilerini okuyup bilgi sahibi oldu\u011funu ve elektronik ortamda gerekli teyidi verdi\u011fini beyan eder.<\/p><p>6.5. Al\u0131c\u0131, ald\u0131\u011f\u0131 \u00fcr\u00fcn\u00fc iade etmek istemesi durumunda ne surette olursa olsun \u00fcr\u00fcne ve ambalaj\u0131na zarar vermemeyi, iade an\u0131nda fatura asl\u0131n\u0131 ve irsaliyesini iade etmeyi kabul ve taahh\u00fct eder.<\/p><p>Madde 7- Sipari\u015f\/\u00d6deme Prosed\u00fcr\u00fc<\/p><p>Sipari\u015f:<\/p><p>Al\u0131\u015fveri\u015f sepetine eklenen \u00fcr\u00fcnlerin KDV dahil TL tutar\u0131 (Taksitli i\u015flemlerde toplam taksit tutarlar\u0131) al\u0131c\u0131 taraf\u0131ndan onayland\u0131ktan sonra, ilgili banka kart\u0131n\u0131n posu \u00fczerinden i\u015fleme al\u0131n\u0131r. Bu nedenle sipari\u015fler, sevk edilmeden \n\u00f6nce m\u00fc\u015fteriye sipari\u015f onay maili g\u00f6nderilir. Sipari\u015f Onay maili g\u00f6nderilmeden sevkiyat yap\u0131lmaz.<\/p><p>Sipari\u015f onay s\u00fcreci:<\/p><p>M\u00fc\u015fteri sipari\u015fi tamamlad\u0131ktan sonra \u00f6deme i\u00e7in banka kart\u0131 \u015firketine iletilir. Kredi kart\u0131 onaylar\u0131 banka kart\u0131 i\u015flem terminali \u00fczerinden online olarak al\u0131nmaktad\u0131r. \u00d6deme onayland\u0131ktan sonra sipari\u015f kargoya verilir.<\/p><p>Sipari\u015f iptali:<\/p><p>Al\u0131c\u0131, iptal talebini sipari\u015f kargoya verilmeden \u00f6nce yapmak kayd\u0131yla sipari\u015fini tamamen iptal edebilir. Sipari\u015f iptalleri i\u00e7in ALICI'n\u0131n <a href=\"mailto:info@homespunceramic.com\" target=\"_new\">info@homespunceramic.com<\/a> adresine e-posta g\u00f6ndermesi veya +90 535 295 72 17 numaral\u0131 telefondan m\u00fc\u015fteri hizmetleri ile ileti\u015fime ge\u00e7mesi gerekmektedir. \u0130ptal talebi an\u0131nda sipari\u015f kargoya verilmemi\u015f ise Al\u0131c\u0131'ya \u00f6deme yap\u0131l\u0131r. 7 g\u00fcn i\u00e7erisinde banka hesaplar\u0131na iade edilecektir. Sipari\u015fin kargoya verilmi\u015f olmas\u0131 durumunda Al\u0131c\u0131, \u00fcr\u00fcn\u00fc i\u015fbu s\u00f6zle\u015fmenin \u201c\u0130ade Ko\u015fullar\u0131\u201d b\u00f6l\u00fcm\u00fcne uygun olarak iade etmelidir. \u00dcr\u00fcn\u00fcn iadesinde kargo bedeli Al\u0131c\u0131 taraf\u0131ndan kar\u015f\u0131lanacakt\u0131r.<\/p><p>Madde 8- Sevkiyat\/Teslimat Prosed\u00fcr\u00fc<\/p><p>Al\u0131c\u0131 14 g\u00fcn i\u00e7erisinde hi\u00e7bir gerek\u00e7e g\u00f6stermeksizin ve cezai \u015fart \u00f6demeksizin s\u00f6zle\u015fmeden cayma hakk\u0131na sahiptir. 14 g\u00fcnl\u00fck cayma s\u00fcresi, \u00fcr\u00fcn\u00fcn ALICI'ya veya ALICI'n\u0131n g\u00f6sterdi\u011fi adresteki ki\u015fi\/kurulu\u015fa teslim edildi\u011fi g\u00fcnden itibaren ba\u015flar.<\/p><p>Cayma hakk\u0131n\u0131n kullan\u0131lmas\u0131 i\u00e7in ALICI'n\u0131n +90 535 295 72 17 numaral\u0131 telefondan, <a href=\"mailto:info@homespunceramic.com\" target=\"_new\">info@homespunceramic.com<\/a>adresine e-posta yoluyla SATICI'ya bildirimde bulunmas\u0131 gerekmektedir.\nveya SATICI'n\u0131n \u0130smetpa\u015fa Mah. Mersinaki Cad. 309 Sok. G\u00fczelcan Otur. No:15 Fo\u00e7a\/\u0130zmir\/T\u00fcrkiye 14 g\u00fcnl\u00fck cayma s\u00fcresi i\u00e7erisinde. ALICI cayma hakk\u0131n\u0131 kulland\u0131\u011f\u0131 takdirde SATICI, cayma bildiriminin kendisine ula\u015fmas\u0131ndan itibaren 14 g\u00fcn i\u00e7inde toplam bedeli ve di\u011fer masraflar\u0131 ALICI'ya iade etmek ve 14 g\u00fcn i\u00e7inde \u00fcr\u00fcn\u00fc teslim almakla y\u00fck\u00fcml\u00fcd\u00fcr. \u00dcr\u00fcn\u00fcn niteli\u011fi gere\u011fi iade edilememesi halinde, SATICI 20 g\u00fcn i\u00e7erisinde toplam bedeli ve di\u011fer masraflar\u0131 iade etmekle y\u00fck\u00fcml\u00fcd\u00fcr.<\/p><p>\u00dcr\u00fcn iadesinin, \u00fcr\u00fcn\u00fcn fatura asl\u0131 ve (varsa) irsaliyesi ile yap\u0131lmas\u0131 gerekmektedir. Fatura asl\u0131n\u0131n g\u00f6nderilmemesi durumunda KDV ve varsa di\u011fer yasal y\u00fck\u00fcml\u00fcl\u00fckler iade edilemez. Al\u0131c\u0131, \u00fcr\u00fcn\u00fcn orijinal haliyle, kutusu, ambalaj\u0131 ve \u00fcr\u00fcnle birlikte gelen standart aksesuarlar\u0131yla birlikte Sat\u0131c\u0131'ya iade edilmesinden sorumludur. Cayma hakk\u0131n\u0131n kullan\u0131lmas\u0131 durumunda \u00fcr\u00fcn\u00fcn 10 g\u00fcn i\u00e7erisinde iade edilmesi gerekmektedir.<\/p><p>\u0130ade edilen \u00fcr\u00fcn\u00fcn ay\u0131pl\u0131 olmas\u0131 veya niteli\u011fi gere\u011fi yeniden sat\u0131\u015f\u0131n\u0131n imkans\u0131z olmas\u0131 halinde Al\u0131c\u0131, \u00fcr\u00fcn\u00fcn de\u011ferinin Sat\u0131c\u0131ya tazmin edilmesiyle y\u00fck\u00fcml\u00fcd\u00fcr. Cayma hakk\u0131n\u0131n kullan\u0131ld\u0131\u011f\u0131 ve \u00fcr\u00fcn\u00fcn kullan\u0131ld\u0131\u011f\u0131, imha edildi\u011fi veya ambalaj\u0131na zarar verildi\u011finin anla\u015f\u0131lmas\u0131 halinde \u00fcr\u00fcn\u00fcn de\u011fer kayb\u0131ndan Al\u0131c\u0131 sorumludur.<\/p><p>Madde 9 \u2013 Ki\u015fisel Veriler<\/p><p>ALICI, sipari\u015f s\u00fcrecinde vermi\u015f oldu\u011fu ki\u015fisel verilerin SATICI taraf\u0131ndan i\u015fbu s\u00f6zle\u015fmeden do\u011fan y\u00fck\u00fcml\u00fcl\u00fcklerini yerine getirmek, m\u00fc\u015fteri memnuniyeti anketleri, kampanyalar ve di\u011fer sat\u0131\u015f ve pazarlama faaliyetlerini y\u00fcr\u00fctmek amac\u0131yla kullan\u0131labilece\u011fini kabul eder. ALICI, SATICI ile ileti\u015fime ge\u00e7erek 6698 Say\u0131l\u0131 Ki\u015fisel Verilerin Korunmas\u0131 Kanunu kapsam\u0131ndaki haklar\u0131n\u0131 kullanabilir. ALICI, i\u015fbu s\u00f6zle\u015fmeyi imzalamakla sitede yer alan ki\u015fisel verilerin i\u015flenmesine ili\u015fkin bilgileri okudu\u011funu kabul etmi\u015f olur.<\/p><p>Madde 10 \u2013 Uygulanacak Hukuk ve Yetkili Mahkeme<\/p><p>\u0130\u015fbu s\u00f6zle\u015fme, T\u00fcrk Hukuku'na tabi olup, T\u00fcketici Sorunlar\u0131n\u0131n Tahkim Heyetleri Taraf\u0131ndan \u00c7\u00f6z\u00fcm Usulleri Hakk\u0131nda Y\u00f6netmelik'te belirtilen parasal limitler dahilinde sat\u0131n alma i\u015fleminin yap\u0131ld\u0131\u011f\u0131 yerdeki T\u00fcketici Hakem Heyetleri ile ALICI'n\u0131n veya SATICI'n\u0131n yerle\u015fim yerindeki T\u00fcketici Mahkemeleri'ne tabidir. ve bu s\u0131n\u0131rlar\u0131n \u00fczerinde olan ve T\u00fcketici Mahkemelerinin g\u00f6rev alan\u0131na girmeyen hallerde, i\u015fbu s\u00f6zle\u015fmeden do\u011fan her t\u00fcrl\u00fc ihtilaf\u0131n \u00e7\u00f6z\u00fcm\u00fcnde \u0130zmir (Fo\u00e7a) Mahkemeleri ve \u0130cra Daireleri yetkilidir.<\/p><p>\u0130\u015fbu s\u00f6zle\u015fme 10 maddeden olu\u015fmakta olup taraflarca okunmu\u015f ve elektronik ortamda onaylanm\u0131\u015ft\u0131r. Taraflar aras\u0131nda i\u015fbu s\u00f6zle\u015fmenin yorumlanmas\u0131 ve uygulanmas\u0131 konusunda herhangi bir uyu\u015fmazl\u0131k \u00e7\u0131kmas\u0131 halinde, SATICI'ya ait defter, kay\u0131t ve belgeler T\u00fcrk Ticaret Kanunu, T\u00fcrk Medeni Usul Kanunu ve T\u00fcrk Bor\u00e7lar Kanunu uyar\u0131nca delil olarak kabul edilecektir. .<\/p><p>SATICI Home Spun Ceramic Online Shop (<a href=\"https:\/\/homespunceramic.com\/tr\/\">www.homespunceramic.com<\/a>)<\/p><p>ALICI<\/p><p>Ad\u0131 \u2013 soyad\u0131\/TC.No Adres Telefon E Posta<\/p><p>Tarih: ..\/..\/\u2026. Al\u0131c\u0131n\u0131n \u0130mzas\u0131 (bu s\u00f6zle\u015fmenin bas\u0131l\u0131 olarak g\u00f6nderilmesi durumunda)<\/p><p><strong>L\u00fctfen bunun bir \u015fablon s\u00f6zle\u015fme oldu\u011funu ve sizin \u00f6zel durumunuza ve yetki alan\u0131n\u0131za g\u00f6re uyarlanmas\u0131 gerekti\u011fini unutmay\u0131n. Mesafeli sat\u0131\u015f s\u00f6zle\u015fmenizin y\u00fcr\u00fcrl\u00fckteki t\u00fcm yasa ve d\u00fczenlemelere uygun oldu\u011fundan emin olmak i\u00e7in bir hukuk uzman\u0131na dan\u0131\u015f\u0131n.<\/strong><\/p>\t\t\t\t\t\t\t\t<\/div>\n\t\t\t\t<\/div>\n\t\t\t\t\t<\/div>\n\t\t<\/div>\n\t\t\t\t\t<\/div>\n\t\t<\/section>\n\t\t\t\t<\/div>","protected":false},"excerpt":{"rendered":"<p>DISTANCE SALES AGREEMENT Article 1 &#8211; Parties 1.1. Seller Name: Home Spun Ceramic Online Shop (www.homespunceramic.com)\u00a0 Address: \u0130smetpa\u015fa Mah. Mersinaki Cad. 309 Sok. G\u00fczelcan Sit. No:15 Fo\u00e7a\/\u0130zmir\/Turkey\u00a0 Phone: +90 535 295 72 17\u00a0 Email: info@homespunceramic.com 1.2. Buyer Name \u2013 Surname\/TC No. Address Phone Email Article 2 &#8211; Subject The subject of this distance sales agreement [&hellip;]<\/p>\n","protected":false},"author":1,"featured_media":0,"parent":0,"menu_order":0,"comment_status":"closed","ping_status":"closed","template":"","meta":{"footnotes":""},"class_list":["post-9381","page","type-page","status-publish","hentry"],"yoast_head":"<!-- This site is optimized with the Yoast SEO plugin v27.1.1 - https:\/\/yoast.com\/product\/yoast-seo-wordpress\/ -->\n<title>Distance Sales Agreement - Home Spun Ceramic<\/title>\n<meta name=\"robots\" content=\"index, follow, max-snippet:-1, max-image-preview:large, max-video-preview:-1\" \/>\n<link rel=\"canonical\" href=\"https:\/\/homespunceramic.com\/tr\/distancesalesagreement\/\" \/>\n<meta property=\"og:locale\" content=\"tr_TR\" \/>\n<meta property=\"og:type\" content=\"article\" \/>\n<meta property=\"og:title\" content=\"Distance Sales Agreement - Home Spun Ceramic\" \/>\n<meta property=\"og:description\" content=\"DISTANCE SALES AGREEMENT Article 1 &#8211; Parties 1.1. Seller Name: Home Spun Ceramic Online Shop (www.homespunceramic.com)\u00a0 Address: \u0130smetpa\u015fa Mah. Mersinaki Cad. 309 Sok. G\u00fczelcan Sit. No:15 Fo\u00e7a\/\u0130zmir\/Turkey\u00a0 Phone: +90 535 295 72 17\u00a0 Email: info@homespunceramic.com 1.2. Buyer Name \u2013 Surname\/TC No. Address Phone Email Article 2 &#8211; Subject The subject of this distance sales agreement [&hellip;]\" \/>\n<meta property=\"og:url\" content=\"https:\/\/homespunceramic.com\/tr\/distancesalesagreement\/\" \/>\n<meta property=\"og:site_name\" content=\"Home Spun Ceramic\" \/>\n<meta property=\"article:modified_time\" content=\"2023-11-29T18:55:11+00:00\" \/>\n<meta name=\"twitter:card\" content=\"summary_large_image\" \/>\n<meta name=\"twitter:label1\" content=\"Tahmini okuma s\u00fcresi\" \/>\n\t<meta name=\"twitter:data1\" content=\"9 dakika\" \/>\n<script type=\"application\/ld+json\" class=\"yoast-schema-graph\">{\"@context\":\"https:\/\/schema.org\",\"@graph\":[{\"@type\":\"WebPage\",\"@id\":\"https:\/\/homespunceramic.com\/distancesalesagreement\/\",\"url\":\"https:\/\/homespunceramic.com\/distancesalesagreement\/\",\"name\":\"Distance Sales Agreement - Home Spun Ceramic\",\"isPartOf\":{\"@id\":\"https:\/\/homespunceramic.com\/#website\"},\"datePublished\":\"2023-10-03T13:46:16+00:00\",\"dateModified\":\"2023-11-29T18:55:11+00:00\",\"breadcrumb\":{\"@id\":\"https:\/\/homespunceramic.com\/distancesalesagreement\/#breadcrumb\"},\"inLanguage\":\"tr\",\"potentialAction\":[{\"@type\":\"ReadAction\",\"target\":[\"https:\/\/homespunceramic.com\/distancesalesagreement\/\"]}]},{\"@type\":\"BreadcrumbList\",\"@id\":\"https:\/\/homespunceramic.com\/distancesalesagreement\/#breadcrumb\",\"itemListElement\":[{\"@type\":\"ListItem\",\"position\":1,\"name\":\"Home\",\"item\":\"https:\/\/homespunceramic.com\/\"},{\"@type\":\"ListItem\",\"position\":2,\"name\":\"Distance Sales Agreement\"}]},{\"@type\":\"WebSite\",\"@id\":\"https:\/\/homespunceramic.com\/#website\",\"url\":\"https:\/\/homespunceramic.com\/\",\"name\":\"Home Spun Ceramic\",\"description\":\"Handmade Ceramics\",\"publisher\":{\"@id\":\"https:\/\/homespunceramic.com\/#\/schema\/person\/d7a43ba25ffe3a9c3f5ede478ecdd663\"},\"potentialAction\":[{\"@type\":\"SearchAction\",\"target\":{\"@type\":\"EntryPoint\",\"urlTemplate\":\"https:\/\/homespunceramic.com\/?s={search_term_string}\"},\"query-input\":{\"@type\":\"PropertyValueSpecification\",\"valueRequired\":true,\"valueName\":\"search_term_string\"}}],\"inLanguage\":\"tr\"},{\"@type\":[\"Person\",\"Organization\"],\"@id\":\"https:\/\/homespunceramic.com\/#\/schema\/person\/d7a43ba25ffe3a9c3f5ede478ecdd663\",\"name\":\"\u015eenay \u015eerifo\u011flu Aykanat\",\"image\":{\"@type\":\"ImageObject\",\"inLanguage\":\"tr\",\"@id\":\"https:\/\/homespunceramic.com\/#\/schema\/person\/image\/\",\"url\":\"http:\/\/homespunceramic.com\/wp-content\/uploads\/2021\/07\/senay.png\",\"contentUrl\":\"http:\/\/homespunceramic.com\/wp-content\/uploads\/2021\/07\/senay.png\",\"width\":160,\"height\":160,\"caption\":\"\u015eenay \u015eerifo\u011flu Aykanat\"},\"logo\":{\"@id\":\"https:\/\/homespunceramic.com\/#\/schema\/person\/image\/\"},\"sameAs\":[\"https:\/\/www.instagram.com\/homespunceramic\/\"]}]}<\/script>\n<!-- \/ Yoast SEO plugin. -->","yoast_head_json":{"title":"Distance Sales Agreement - Home Spun Ceramic","robots":{"index":"index","follow":"follow","max-snippet":"max-snippet:-1","max-image-preview":"max-image-preview:large","max-video-preview":"max-video-preview:-1"},"canonical":"https:\/\/homespunceramic.com\/tr\/distancesalesagreement\/","og_locale":"tr_TR","og_type":"article","og_title":"Distance Sales Agreement - Home Spun Ceramic","og_description":"DISTANCE SALES AGREEMENT Article 1 &#8211; Parties 1.1. Seller Name: Home Spun Ceramic Online Shop (www.homespunceramic.com)\u00a0 Address: \u0130smetpa\u015fa Mah. Mersinaki Cad. 309 Sok. G\u00fczelcan Sit. No:15 Fo\u00e7a\/\u0130zmir\/Turkey\u00a0 Phone: +90 535 295 72 17\u00a0 Email: info@homespunceramic.com 1.2. Buyer Name \u2013 Surname\/TC No. Address Phone Email Article 2 &#8211; Subject The subject of this distance sales agreement [&hellip;]","og_url":"https:\/\/homespunceramic.com\/tr\/distancesalesagreement\/","og_site_name":"Home Spun Ceramic","article_modified_time":"2023-11-29T18:55:11+00:00","twitter_card":"summary_large_image","twitter_misc":{"Tahmini okuma s\u00fcresi":"9 dakika"},"schema":{"@context":"https:\/\/schema.org","@graph":[{"@type":"WebPage","@id":"https:\/\/homespunceramic.com\/distancesalesagreement\/","url":"https:\/\/homespunceramic.com\/distancesalesagreement\/","name":"Distance Sales Agreement - Home Spun Ceramic","isPartOf":{"@id":"https:\/\/homespunceramic.com\/#website"},"datePublished":"2023-10-03T13:46:16+00:00","dateModified":"2023-11-29T18:55:11+00:00","breadcrumb":{"@id":"https:\/\/homespunceramic.com\/distancesalesagreement\/#breadcrumb"},"inLanguage":"tr","potentialAction":[{"@type":"ReadAction","target":["https:\/\/homespunceramic.com\/distancesalesagreement\/"]}]},{"@type":"BreadcrumbList","@id":"https:\/\/homespunceramic.com\/distancesalesagreement\/#breadcrumb","itemListElement":[{"@type":"ListItem","position":1,"name":"Home","item":"https:\/\/homespunceramic.com\/"},{"@type":"ListItem","position":2,"name":"Distance Sales Agreement"}]},{"@type":"WebSite","@id":"https:\/\/homespunceramic.com\/#website","url":"https:\/\/homespunceramic.com\/","name":"Home Spun Ceramic","description":"Handmade Ceramics","publisher":{"@id":"https:\/\/homespunceramic.com\/#\/schema\/person\/d7a43ba25ffe3a9c3f5ede478ecdd663"},"potentialAction":[{"@type":"SearchAction","target":{"@type":"EntryPoint","urlTemplate":"https:\/\/homespunceramic.com\/?s={search_term_string}"},"query-input":{"@type":"PropertyValueSpecification","valueRequired":true,"valueName":"search_term_string"}}],"inLanguage":"tr"},{"@type":["Person","Organization"],"@id":"https:\/\/homespunceramic.com\/#\/schema\/person\/d7a43ba25ffe3a9c3f5ede478ecdd663","name":"\u015eenay \u015eerifo\u011flu Aykanat","image":{"@type":"ImageObject","inLanguage":"tr","@id":"https:\/\/homespunceramic.com\/#\/schema\/person\/image\/","url":"http:\/\/homespunceramic.com\/wp-content\/uploads\/2021\/07\/senay.png","contentUrl":"http:\/\/homespunceramic.com\/wp-content\/uploads\/2021\/07\/senay.png","width":160,"height":160,"caption":"\u015eenay \u015eerifo\u011flu Aykanat"},"logo":{"@id":"https:\/\/homespunceramic.com\/#\/schema\/person\/image\/"},"sameAs":["https:\/\/www.instagram.com\/homespunceramic\/"]}]}},"jetpack_sharing_enabled":true,"_links":{"self":[{"href":"https:\/\/homespunceramic.com\/tr\/wp-json\/wp\/v2\/pages\/9381","targetHints":{"allow":["GET"]}}],"collection":[{"href":"https:\/\/homespunceramic.com\/tr\/wp-json\/wp\/v2\/pages"}],"about":[{"href":"https:\/\/homespunceramic.com\/tr\/wp-json\/wp\/v2\/types\/page"}],"author":[{"embeddable":true,"href":"https:\/\/homespunceramic.com\/tr\/wp-json\/wp\/v2\/users\/1"}],"replies":[{"embeddable":true,"href":"https:\/\/homespunceramic.com\/tr\/wp-json\/wp\/v2\/comments?post=9381"}],"version-history":[{"count":23,"href":"https:\/\/homespunceramic.com\/tr\/wp-json\/wp\/v2\/pages\/9381\/revisions"}],"predecessor-version":[{"id":9505,"href":"https:\/\/homespunceramic.com\/tr\/wp-json\/wp\/v2\/pages\/9381\/revisions\/9505"}],"wp:attachment":[{"href":"https:\/\/homespunceramic.com\/tr\/wp-json\/wp\/v2\/media?parent=9381"}],"curies":[{"name":"wp","href":"https:\/\/api.w.org\/{rel}","templated":true}]}}