{"id":3095,"date":"2021-07-20T22:56:17","date_gmt":"2021-07-20T22:56:17","guid":{"rendered":"https:\/\/etruscan.qodeinteractive.com\/?page_id=3095"},"modified":"2026-01-28T11:48:26","modified_gmt":"2026-01-28T11:48:26","slug":"about-us","status":"publish","type":"page","link":"https:\/\/homespunceramic.com\/tr\/hakkimizda\/","title":{"rendered":"Hakk\u0131m\u0131zda"},"content":{"rendered":"<div data-elementor-type=\"wp-page\" data-elementor-id=\"3095\" class=\"elementor elementor-3095\">\n\t\t\t\t\t\t<section class=\"elementor-section elementor-top-section elementor-element elementor-element-4a3cd89 elementor-section-full_width elementor-section-height-min-height elementor-section-height-default elementor-section-items-middle qodef-elementor-content-no\" data-id=\"4a3cd89\" data-element_type=\"section\" data-e-type=\"section\" data-settings=\"{&quot;background_background&quot;:&quot;classic&quot;}\">\n\t\t\t\t\t\t<div class=\"elementor-container elementor-column-gap-default\">\n\t\t\t\t\t<div class=\"elementor-column elementor-col-100 elementor-top-column elementor-element elementor-element-9212397\" data-id=\"9212397\" data-element_type=\"column\" data-e-type=\"column\">\n\t\t\t<div class=\"elementor-widget-wrap elementor-element-populated\">\n\t\t\t\t\t\t<div class=\"elementor-element elementor-element-c591b3a elementor-widget-tablet__width-initial elementor-widget__width-initial elementor-widget elementor-widget-etruscan_core_section_title\" data-id=\"c591b3a\" data-element_type=\"widget\" data-e-type=\"widget\" data-widget_type=\"etruscan_core_section_title.default\">\n\t\t\t\t<div class=\"elementor-widget-container\">\n\t\t\t\t\t<div class=\"qodef-shortcode qodef-m  qodef-section-title qodef-alignment--left\">\n\t\t\t<h2 class=\"qodef-m-title\" style=\"color: #FFFFFF\">\n\t\t\t\t\tHi, I am \u015eenay Aykanat \u015eerifo\u011flu\t\t\t<\/h2>\n\t<\/div>\n\t\t\t\t<\/div>\n\t\t\t\t<\/div>\n\t\t\t\t<div class=\"elementor-element elementor-element-7926104 elementor-widget-mobile__width-initial elementor-widget__width-initial elementor-widget elementor-widget-text-editor\" data-id=\"7926104\" data-element_type=\"widget\" data-e-type=\"widget\" data-widget_type=\"text-editor.default\">\n\t\t\t\t<div class=\"elementor-widget-container\">\n\t\t\t\t\t\t\t\t\t<p>As \u015eenay Aykanat \u015eerifo\u011flu, I had a studio under the name of Senay Ceramic Studio since 2017 in Turkey. I participated in the exhibitions and competitions .I continued producing by taking both corporate and individual orders.<\/p><p>In 2025, I moved to Germany and founded Homespun Ceramic, where I create my own designs. It makes me happy to see that the products I make using my feelings, experiences and thoughts are shaped according to people in different homes.<\/p><p>QUALIFICATIONS<br \/>07\/2019 \u2013 Exhibition in Fo\u00e7a<br \/>12\/2019 \u2013 International Egeart Days<br \/>06\/2022 \u2013 Graduation project on adding eggshells to glazes as an upcycling method<br \/>06\/2022 \u2013 Graduation exhibition project in \u0130zmir<br \/>06\/2022 \u2013 Graduated with first degree honors<br \/>06\/2022 \u2013 University Honor Award<br \/>01\/2022 \u2013 Exhibition Award at the Hanterra Competition<br \/>05\/2023 \u2013 Glass Biennale in Denizli<\/p>\t\t\t\t\t\t\t\t<\/div>\n\t\t\t\t<\/div>\n\t\t\t\t<div class=\"elementor-element elementor-element-804cede elementor-widget elementor-widget-etruscan_core_section_title\" data-id=\"804cede\" data-element_type=\"widget\" data-e-type=\"widget\" data-widget_type=\"etruscan_core_section_title.default\">\n\t\t\t\t<div class=\"elementor-widget-container\">\n\t\t\t\t\t<div class=\"qodef-shortcode qodef-m  qodef-section-title qodef-alignment--left\">\n\t\t\t<h5 class=\"qodef-m-title\" style=\"color: #FFFFFF\">\n\t\t\t\t\tWhy HOMESPUN ceramics?\t\t\t<\/h5>\n\t<\/div>\n\t\t\t\t<\/div>\n\t\t\t\t<\/div>\n\t\t\t\t<div class=\"elementor-element elementor-element-4b1d3da elementor-widget__width-initial elementor-widget-mobile__width-initial elementor-widget elementor-widget-text-editor\" data-id=\"4b1d3da\" data-element_type=\"widget\" data-e-type=\"widget\" data-widget_type=\"text-editor.default\">\n\t\t\t\t<div class=\"elementor-widget-container\">\n\t\t\t\t\t\t\t\t\t<p>The only thing I have in my mind with the name Homespun is to create timeless products that are not driven by trends, focusing on minimal designs and high quality.\u00a0<\/p><p>We give importance to functionality as well as simplicity and minimalism in designs. Functional products, each of which are handmade and fired at a high temperature above 1200 \u00b0C, we call stoneware. This ensures durability and longevity of the products. We give importance to quality by carefully choosing the materials we use from ceramic production to packaging.<\/p><p>Ufak dokunu\u015flar ile hayat\u0131n\u0131za incelik ve keyif eklemek m\u00fcmk\u00fcn!<\/p>\t\t\t\t\t\t\t\t<\/div>\n\t\t\t\t<\/div>\n\t\t\t\t<div class=\"elementor-element elementor-element-6c11541 elementor-widget elementor-widget-etruscan_core_section_title\" data-id=\"6c11541\" data-element_type=\"widget\" data-e-type=\"widget\" data-widget_type=\"etruscan_core_section_title.default\">\n\t\t\t\t<div class=\"elementor-widget-container\">\n\t\t\t\t\t<div class=\"qodef-shortcode qodef-m  qodef-section-title qodef-alignment--left\">\n\t\t\t<h5 class=\"qodef-m-title\" style=\"color: #FFFFFF\">\n\t\t\t\t\tBiz Ula\u015f\u0131n\t\t\t<\/h5>\n\t<\/div>\n\t\t\t\t<\/div>\n\t\t\t\t<\/div>\n\t\t\t\t<div class=\"elementor-element elementor-element-6507f3e elementor-widget elementor-widget-text-editor\" data-id=\"6507f3e\" data-element_type=\"widget\" data-e-type=\"widget\" data-widget_type=\"text-editor.default\">\n\t\t\t\t<div class=\"elementor-widget-container\">\n\t\t\t\t\t\t\t\t\t<p><a class=\"qodef-link--custom\" href=\"mailto:info@homespunceramic.com\" target=\"_blank\" rel=\"noopener\">info@homespunceramic.com<br \/><\/a><\/p>\t\t\t\t\t\t\t\t<\/div>\n\t\t\t\t<\/div>\n\t\t\t\t<div class=\"elementor-element elementor-element-f6603ce elementor-widget__width-initial elementor-widget elementor-widget-etruscan_core_section_title\" data-id=\"f6603ce\" data-element_type=\"widget\" data-e-type=\"widget\" data-widget_type=\"etruscan_core_section_title.default\">\n\t\t\t\t<div class=\"elementor-widget-container\">\n\t\t\t\t\t<div class=\"qodef-shortcode qodef-m  qodef-section-title qodef-alignment--left\">\n\t\t\t<\/div>\n\t\t\t\t<\/div>\n\t\t\t\t<\/div>\n\t\t\t\t<div class=\"elementor-element elementor-element-b3ba960 elementor-widget elementor-widget-wp-widget-etruscan_core_social_icons_group\" data-id=\"b3ba960\" data-element_type=\"widget\" data-e-type=\"widget\" data-widget_type=\"wp-widget-etruscan_core_social_icons_group.default\">\n\t\t\t\t<div class=\"elementor-widget-container\">\n\t\t\t\t\t\t\t\t<div class=\"qodef-social-icons-group\">\n\t\t\t\t\t\t\t\t\t\t<span class=\"qodef-icon-holder qodef--textual\" style=\"color: #ffffff\" data-hover-color=\"#c1c1c1\">\n\t\t\t\t\t\t\t<a itemprop=\"url\" href=\"https:\/\/www.instagram.com\/homespunceramic\/\" target=\"http:\/\/_blank\">IG<\/a>\t\t\t\t\t\t<\/span>\n\t\t\t\t\t\t\t\t\t\t\t\t<span class=\"qodef-icon-holder qodef--textual\" style=\"color: #ffffff\" data-hover-color=\"#c1c1c1\">\n\t\t\t\t\t\t\t<a itemprop=\"url\" href=\"https:\/\/www.etsy.com\/shop\/SenayCeramicStudio\" target=\"http:\/\/_blank\">ES<\/a>\t\t\t\t\t\t<\/span>\n\t\t\t\t\t\t\t\t\t<\/div>\n\t\t\t\t\t\t\t<\/div>\n\t\t\t\t<\/div>\n\t\t\t\t\t<\/div>\n\t\t<\/div>\n\t\t\t\t\t<\/div>\n\t\t<\/section>\n\t\t\t\t<\/div>","protected":false},"excerpt":{"rendered":"<p>Hi, I am \u015eenay Aykanat \u015eerifo\u011flu As \u015eenay Aykanat \u015eerifo\u011flu, I had a studio under the name of Senay Ceramic Studio since 2017 in Turkey. I participated in the exhibitions and competitions .I continued producing by taking both corporate and individual orders. In 2025, I moved to Germany and founded Homespun Ceramic, where I create [&hellip;]<\/p>\n","protected":false},"author":1,"featured_media":0,"parent":0,"menu_order":0,"comment_status":"closed","ping_status":"closed","template":"page-full-width.php","meta":{"footnotes":""},"class_list":["post-3095","page","type-page","status-publish","hentry"],"yoast_head":"<!-- This site is optimized with the Yoast SEO plugin v27.1.1 - https:\/\/yoast.com\/product\/yoast-seo-wordpress\/ -->\n<title>About Us - Home Spun Ceramic<\/title>\n<meta name=\"robots\" content=\"index, follow, max-snippet:-1, max-image-preview:large, max-video-preview:-1\" \/>\n<link rel=\"canonical\" href=\"https:\/\/homespunceramic.com\/tr\/hakkimizda\/\" \/>\n<meta property=\"og:locale\" content=\"tr_TR\" \/>\n<meta property=\"og:type\" content=\"article\" \/>\n<meta property=\"og:title\" content=\"About Us - Home Spun Ceramic\" \/>\n<meta property=\"og:description\" content=\"Hi, I am \u015eenay Aykanat \u015eerifo\u011flu As \u015eenay Aykanat \u015eerifo\u011flu, I had a studio under the name of Senay Ceramic Studio since 2017 in Turkey. I participated in the exhibitions and competitions .I continued producing by taking both corporate and individual orders. In 2025, I moved to Germany and founded Homespun Ceramic, where I create [&hellip;]\" \/>\n<meta property=\"og:url\" content=\"https:\/\/homespunceramic.com\/tr\/hakkimizda\/\" \/>\n<meta property=\"og:site_name\" content=\"Home Spun Ceramic\" \/>\n<meta property=\"article:modified_time\" content=\"2026-01-28T11:48:26+00:00\" \/>\n<meta name=\"twitter:card\" content=\"summary_large_image\" \/>\n<meta name=\"twitter:label1\" content=\"Tahmini okuma s\u00fcresi\" \/>\n\t<meta name=\"twitter:data1\" content=\"2 dakika\" \/>\n<script type=\"application\/ld+json\" class=\"yoast-schema-graph\">{\"@context\":\"https:\/\/schema.org\",\"@graph\":[{\"@type\":\"WebPage\",\"@id\":\"https:\/\/homespunceramic.com\/about-us\/\",\"url\":\"https:\/\/homespunceramic.com\/about-us\/\",\"name\":\"About Us - Home Spun Ceramic\",\"isPartOf\":{\"@id\":\"https:\/\/homespunceramic.com\/#website\"},\"datePublished\":\"2021-07-20T22:56:17+00:00\",\"dateModified\":\"2026-01-28T11:48:26+00:00\",\"breadcrumb\":{\"@id\":\"https:\/\/homespunceramic.com\/about-us\/#breadcrumb\"},\"inLanguage\":\"tr\",\"potentialAction\":[{\"@type\":\"ReadAction\",\"target\":[\"https:\/\/homespunceramic.com\/about-us\/\"]}]},{\"@type\":\"BreadcrumbList\",\"@id\":\"https:\/\/homespunceramic.com\/about-us\/#breadcrumb\",\"itemListElement\":[{\"@type\":\"ListItem\",\"position\":1,\"name\":\"Home\",\"item\":\"https:\/\/homespunceramic.com\/\"},{\"@type\":\"ListItem\",\"position\":2,\"name\":\"About Us\"}]},{\"@type\":\"WebSite\",\"@id\":\"https:\/\/homespunceramic.com\/#website\",\"url\":\"https:\/\/homespunceramic.com\/\",\"name\":\"Home Spun Ceramic\",\"description\":\"Handmade Ceramics\",\"publisher\":{\"@id\":\"https:\/\/homespunceramic.com\/#\/schema\/person\/d7a43ba25ffe3a9c3f5ede478ecdd663\"},\"potentialAction\":[{\"@type\":\"SearchAction\",\"target\":{\"@type\":\"EntryPoint\",\"urlTemplate\":\"https:\/\/homespunceramic.com\/?s={search_term_string}\"},\"query-input\":{\"@type\":\"PropertyValueSpecification\",\"valueRequired\":true,\"valueName\":\"search_term_string\"}}],\"inLanguage\":\"tr\"},{\"@type\":[\"Person\",\"Organization\"],\"@id\":\"https:\/\/homespunceramic.com\/#\/schema\/person\/d7a43ba25ffe3a9c3f5ede478ecdd663\",\"name\":\"\u015eenay \u015eerifo\u011flu Aykanat\",\"image\":{\"@type\":\"ImageObject\",\"inLanguage\":\"tr\",\"@id\":\"https:\/\/homespunceramic.com\/#\/schema\/person\/image\/\",\"url\":\"http:\/\/homespunceramic.com\/wp-content\/uploads\/2021\/07\/senay.png\",\"contentUrl\":\"http:\/\/homespunceramic.com\/wp-content\/uploads\/2021\/07\/senay.png\",\"width\":160,\"height\":160,\"caption\":\"\u015eenay \u015eerifo\u011flu Aykanat\"},\"logo\":{\"@id\":\"https:\/\/homespunceramic.com\/#\/schema\/person\/image\/\"},\"sameAs\":[\"https:\/\/www.instagram.com\/homespunceramic\/\"]}]}<\/script>\n<!-- \/ Yoast SEO plugin. -->","yoast_head_json":{"title":"About Us - Home Spun Ceramic","robots":{"index":"index","follow":"follow","max-snippet":"max-snippet:-1","max-image-preview":"max-image-preview:large","max-video-preview":"max-video-preview:-1"},"canonical":"https:\/\/homespunceramic.com\/tr\/hakkimizda\/","og_locale":"tr_TR","og_type":"article","og_title":"About Us - Home Spun Ceramic","og_description":"Hi, I am \u015eenay Aykanat \u015eerifo\u011flu As \u015eenay Aykanat \u015eerifo\u011flu, I had a studio under the name of Senay Ceramic Studio since 2017 in Turkey. I participated in the exhibitions and competitions .I continued producing by taking both corporate and individual orders. In 2025, I moved to Germany and founded Homespun Ceramic, where I create [&hellip;]","og_url":"https:\/\/homespunceramic.com\/tr\/hakkimizda\/","og_site_name":"Home Spun Ceramic","article_modified_time":"2026-01-28T11:48:26+00:00","twitter_card":"summary_large_image","twitter_misc":{"Tahmini okuma s\u00fcresi":"2 dakika"},"schema":{"@context":"https:\/\/schema.org","@graph":[{"@type":"WebPage","@id":"https:\/\/homespunceramic.com\/about-us\/","url":"https:\/\/homespunceramic.com\/about-us\/","name":"About Us - Home Spun Ceramic","isPartOf":{"@id":"https:\/\/homespunceramic.com\/#website"},"datePublished":"2021-07-20T22:56:17+00:00","dateModified":"2026-01-28T11:48:26+00:00","breadcrumb":{"@id":"https:\/\/homespunceramic.com\/about-us\/#breadcrumb"},"inLanguage":"tr","potentialAction":[{"@type":"ReadAction","target":["https:\/\/homespunceramic.com\/about-us\/"]}]},{"@type":"BreadcrumbList","@id":"https:\/\/homespunceramic.com\/about-us\/#breadcrumb","itemListElement":[{"@type":"ListItem","position":1,"name":"Home","item":"https:\/\/homespunceramic.com\/"},{"@type":"ListItem","position":2,"name":"About Us"}]},{"@type":"WebSite","@id":"https:\/\/homespunceramic.com\/#website","url":"https:\/\/homespunceramic.com\/","name":"Home Spun Ceramic","description":"Handmade Ceramics","publisher":{"@id":"https:\/\/homespunceramic.com\/#\/schema\/person\/d7a43ba25ffe3a9c3f5ede478ecdd663"},"potentialAction":[{"@type":"SearchAction","target":{"@type":"EntryPoint","urlTemplate":"https:\/\/homespunceramic.com\/?s={search_term_string}"},"query-input":{"@type":"PropertyValueSpecification","valueRequired":true,"valueName":"search_term_string"}}],"inLanguage":"tr"},{"@type":["Person","Organization"],"@id":"https:\/\/homespunceramic.com\/#\/schema\/person\/d7a43ba25ffe3a9c3f5ede478ecdd663","name":"\u015eenay \u015eerifo\u011flu Aykanat","image":{"@type":"ImageObject","inLanguage":"tr","@id":"https:\/\/homespunceramic.com\/#\/schema\/person\/image\/","url":"http:\/\/homespunceramic.com\/wp-content\/uploads\/2021\/07\/senay.png","contentUrl":"http:\/\/homespunceramic.com\/wp-content\/uploads\/2021\/07\/senay.png","width":160,"height":160,"caption":"\u015eenay \u015eerifo\u011flu Aykanat"},"logo":{"@id":"https:\/\/homespunceramic.com\/#\/schema\/person\/image\/"},"sameAs":["https:\/\/www.instagram.com\/homespunceramic\/"]}]}},"jetpack_sharing_enabled":true,"_links":{"self":[{"href":"https:\/\/homespunceramic.com\/tr\/wp-json\/wp\/v2\/pages\/3095","targetHints":{"allow":["GET"]}}],"collection":[{"href":"https:\/\/homespunceramic.com\/tr\/wp-json\/wp\/v2\/pages"}],"about":[{"href":"https:\/\/homespunceramic.com\/tr\/wp-json\/wp\/v2\/types\/page"}],"author":[{"embeddable":true,"href":"https:\/\/homespunceramic.com\/tr\/wp-json\/wp\/v2\/users\/1"}],"replies":[{"embeddable":true,"href":"https:\/\/homespunceramic.com\/tr\/wp-json\/wp\/v2\/comments?post=3095"}],"version-history":[{"count":6,"href":"https:\/\/homespunceramic.com\/tr\/wp-json\/wp\/v2\/pages\/3095\/revisions"}],"predecessor-version":[{"id":9918,"href":"https:\/\/homespunceramic.com\/tr\/wp-json\/wp\/v2\/pages\/3095\/revisions\/9918"}],"wp:attachment":[{"href":"https:\/\/homespunceramic.com\/tr\/wp-json\/wp\/v2\/media?parent=3095"}],"curies":[{"name":"wp","href":"https:\/\/api.w.org\/{rel}","templated":true}]}}