{"id":11,"date":"2022-12-16T09:24:13","date_gmt":"2022-12-16T09:24:13","guid":{"rendered":"https:\/\/homespunceramic.com\/index.php\/cart\/"},"modified":"2023-10-05T14:25:10","modified_gmt":"2023-10-05T14:25:10","slug":"mycart","status":"publish","type":"page","link":"https:\/\/homespunceramic.com\/tr\/mycart\/","title":{"rendered":"My Cart"},"content":{"rendered":"","protected":false},"excerpt":{"rendered":"","protected":false},"author":1,"featured_media":0,"parent":0,"menu_order":0,"comment_status":"closed","ping_status":"closed","template":"","meta":{"footnotes":""},"class_list":["post-11","page","type-page","status-publish","hentry"],"yoast_head":"<!-- This site is optimized with the Yoast SEO plugin v27.1.1 - https:\/\/yoast.com\/product\/yoast-seo-wordpress\/ -->\n<title>My Cart - Home Spun Ceramic<\/title>\n<meta name=\"robots\" content=\"index, follow, max-snippet:-1, max-image-preview:large, max-video-preview:-1\" \/>\n<link rel=\"canonical\" href=\"https:\/\/homespunceramic.com\/tr\/mycart\/\" \/>\n<meta property=\"og:locale\" content=\"tr_TR\" \/>\n<meta property=\"og:type\" content=\"article\" \/>\n<meta property=\"og:title\" content=\"My Cart - Home Spun Ceramic\" \/>\n<meta property=\"og:url\" content=\"https:\/\/homespunceramic.com\/tr\/mycart\/\" \/>\n<meta property=\"og:site_name\" content=\"Home Spun Ceramic\" \/>\n<meta property=\"article:modified_time\" content=\"2023-10-05T14:25:10+00:00\" \/>\n<meta name=\"twitter:card\" content=\"summary_large_image\" \/>\n<script type=\"application\/ld+json\" class=\"yoast-schema-graph\">{\"@context\":\"https:\/\/schema.org\",\"@graph\":[{\"@type\":\"WebPage\",\"@id\":\"https:\/\/homespunceramic.com\/mycart\/\",\"url\":\"https:\/\/homespunceramic.com\/mycart\/\",\"name\":\"My Cart - Home Spun Ceramic\",\"isPartOf\":{\"@id\":\"https:\/\/homespunceramic.com\/#website\"},\"datePublished\":\"2022-12-16T09:24:13+00:00\",\"dateModified\":\"2023-10-05T14:25:10+00:00\",\"breadcrumb\":{\"@id\":\"https:\/\/homespunceramic.com\/mycart\/#breadcrumb\"},\"inLanguage\":\"tr\",\"potentialAction\":[{\"@type\":\"ReadAction\",\"target\":[\"https:\/\/homespunceramic.com\/mycart\/\"]}]},{\"@type\":\"BreadcrumbList\",\"@id\":\"https:\/\/homespunceramic.com\/mycart\/#breadcrumb\",\"itemListElement\":[{\"@type\":\"ListItem\",\"position\":1,\"name\":\"Home\",\"item\":\"https:\/\/homespunceramic.com\/\"},{\"@type\":\"ListItem\",\"position\":2,\"name\":\"My Cart\"}]},{\"@type\":\"WebSite\",\"@id\":\"https:\/\/homespunceramic.com\/#website\",\"url\":\"https:\/\/homespunceramic.com\/\",\"name\":\"Home Spun Ceramic\",\"description\":\"Handmade Ceramics\",\"publisher\":{\"@id\":\"https:\/\/homespunceramic.com\/#\/schema\/person\/d7a43ba25ffe3a9c3f5ede478ecdd663\"},\"potentialAction\":[{\"@type\":\"SearchAction\",\"target\":{\"@type\":\"EntryPoint\",\"urlTemplate\":\"https:\/\/homespunceramic.com\/?s={search_term_string}\"},\"query-input\":{\"@type\":\"PropertyValueSpecification\",\"valueRequired\":true,\"valueName\":\"search_term_string\"}}],\"inLanguage\":\"tr\"},{\"@type\":[\"Person\",\"Organization\"],\"@id\":\"https:\/\/homespunceramic.com\/#\/schema\/person\/d7a43ba25ffe3a9c3f5ede478ecdd663\",\"name\":\"\u015eenay \u015eerifo\u011flu Aykanat\",\"image\":{\"@type\":\"ImageObject\",\"inLanguage\":\"tr\",\"@id\":\"https:\/\/homespunceramic.com\/#\/schema\/person\/image\/\",\"url\":\"http:\/\/homespunceramic.com\/wp-content\/uploads\/2021\/07\/senay.png\",\"contentUrl\":\"http:\/\/homespunceramic.com\/wp-content\/uploads\/2021\/07\/senay.png\",\"width\":160,\"height\":160,\"caption\":\"\u015eenay \u015eerifo\u011flu Aykanat\"},\"logo\":{\"@id\":\"https:\/\/homespunceramic.com\/#\/schema\/person\/image\/\"},\"sameAs\":[\"https:\/\/www.instagram.com\/homespunceramic\/\"]}]}<\/script>\n<!-- \/ Yoast SEO plugin. -->","yoast_head_json":{"title":"My Cart - Home Spun Ceramic","robots":{"index":"index","follow":"follow","max-snippet":"max-snippet:-1","max-image-preview":"max-image-preview:large","max-video-preview":"max-video-preview:-1"},"canonical":"https:\/\/homespunceramic.com\/tr\/mycart\/","og_locale":"tr_TR","og_type":"article","og_title":"My Cart - Home Spun Ceramic","og_url":"https:\/\/homespunceramic.com\/tr\/mycart\/","og_site_name":"Home Spun Ceramic","article_modified_time":"2023-10-05T14:25:10+00:00","twitter_card":"summary_large_image","schema":{"@context":"https:\/\/schema.org","@graph":[{"@type":"WebPage","@id":"https:\/\/homespunceramic.com\/mycart\/","url":"https:\/\/homespunceramic.com\/mycart\/","name":"My Cart - Home Spun Ceramic","isPartOf":{"@id":"https:\/\/homespunceramic.com\/#website"},"datePublished":"2022-12-16T09:24:13+00:00","dateModified":"2023-10-05T14:25:10+00:00","breadcrumb":{"@id":"https:\/\/homespunceramic.com\/mycart\/#breadcrumb"},"inLanguage":"tr","potentialAction":[{"@type":"ReadAction","target":["https:\/\/homespunceramic.com\/mycart\/"]}]},{"@type":"BreadcrumbList","@id":"https:\/\/homespunceramic.com\/mycart\/#breadcrumb","itemListElement":[{"@type":"ListItem","position":1,"name":"Home","item":"https:\/\/homespunceramic.com\/"},{"@type":"ListItem","position":2,"name":"My Cart"}]},{"@type":"WebSite","@id":"https:\/\/homespunceramic.com\/#website","url":"https:\/\/homespunceramic.com\/","name":"Home Spun Ceramic","description":"Handmade Ceramics","publisher":{"@id":"https:\/\/homespunceramic.com\/#\/schema\/person\/d7a43ba25ffe3a9c3f5ede478ecdd663"},"potentialAction":[{"@type":"SearchAction","target":{"@type":"EntryPoint","urlTemplate":"https:\/\/homespunceramic.com\/?s={search_term_string}"},"query-input":{"@type":"PropertyValueSpecification","valueRequired":true,"valueName":"search_term_string"}}],"inLanguage":"tr"},{"@type":["Person","Organization"],"@id":"https:\/\/homespunceramic.com\/#\/schema\/person\/d7a43ba25ffe3a9c3f5ede478ecdd663","name":"\u015eenay \u015eerifo\u011flu Aykanat","image":{"@type":"ImageObject","inLanguage":"tr","@id":"https:\/\/homespunceramic.com\/#\/schema\/person\/image\/","url":"http:\/\/homespunceramic.com\/wp-content\/uploads\/2021\/07\/senay.png","contentUrl":"http:\/\/homespunceramic.com\/wp-content\/uploads\/2021\/07\/senay.png","width":160,"height":160,"caption":"\u015eenay \u015eerifo\u011flu Aykanat"},"logo":{"@id":"https:\/\/homespunceramic.com\/#\/schema\/person\/image\/"},"sameAs":["https:\/\/www.instagram.com\/homespunceramic\/"]}]}},"jetpack_sharing_enabled":true,"_links":{"self":[{"href":"https:\/\/homespunceramic.com\/tr\/wp-json\/wp\/v2\/pages\/11","targetHints":{"allow":["GET"]}}],"collection":[{"href":"https:\/\/homespunceramic.com\/tr\/wp-json\/wp\/v2\/pages"}],"about":[{"href":"https:\/\/homespunceramic.com\/tr\/wp-json\/wp\/v2\/types\/page"}],"author":[{"embeddable":true,"href":"https:\/\/homespunceramic.com\/tr\/wp-json\/wp\/v2\/users\/1"}],"replies":[{"embeddable":true,"href":"https:\/\/homespunceramic.com\/tr\/wp-json\/wp\/v2\/comments?post=11"}],"version-history":[{"count":4,"href":"https:\/\/homespunceramic.com\/tr\/wp-json\/wp\/v2\/pages\/11\/revisions"}],"predecessor-version":[{"id":9443,"href":"https:\/\/homespunceramic.com\/tr\/wp-json\/wp\/v2\/pages\/11\/revisions\/9443"}],"wp:attachment":[{"href":"https:\/\/homespunceramic.com\/tr\/wp-json\/wp\/v2\/media?parent=11"}],"curies":[{"name":"wp","href":"https:\/\/api.w.org\/{rel}","templated":true}]}}